{"id":111,"date":"2025-11-17T16:49:34","date_gmt":"2025-11-17T16:49:34","guid":{"rendered":"https:\/\/elsa-berthier.fr\/?page_id=111"},"modified":"2026-01-12T11:22:16","modified_gmt":"2026-01-12T11:22:16","slug":"dans-la-rue","status":"publish","type":"page","link":"https:\/\/elsa-berthier.fr\/index.php\/dans-la-rue\/","title":{"rendered":"\u00ab\u00a0Bloquons tout\u00a0\u00bb"},"content":{"rendered":"\t\t<div data-elementor-type=\"wp-page\" data-elementor-id=\"111\" class=\"elementor elementor-111\">\n\t\t\t\t<div class=\"elementor-element elementor-element-cd07420 e-flex e-con-boxed wpr-particle-no wpr-jarallax-no wpr-parallax-no wpr-sticky-section-no e-con e-parent\" data-id=\"cd07420\" data-element_type=\"container\">\n\t\t\t\t\t<div class=\"e-con-inner\">\n\t\t\t\t<div class=\"elementor-element elementor-element-0b77589 elementor-widget elementor-widget-heading\" data-id=\"0b77589\" data-element_type=\"widget\" data-widget_type=\"heading.default\">\n\t\t\t\t\t<h2 class=\"elementor-heading-title elementor-size-default\">\" Bloquons tout \"<\/h2>\t\t\t\t<\/div>\n\t\t\t\t<div class=\"elementor-element elementor-element-4ed3ffd elementor-widget elementor-widget-text-editor\" data-id=\"4ed3ffd\" data-element_type=\"widget\" data-widget_type=\"text-editor.default\">\n\t\t\t\t\t\t\t\t\t<p>Le 10 septembre 2025, la mobilisation \u00ab\u00a0Bloquons tout\u00a0\u00bb s&rsquo;est fait conna\u00eetre dans toute la France, y compris \u00e0 Dijon<br \/>o\u00f9 plus de 3 500 personnes se sont r\u00e9unies pour faire entendre leurs protestations.<\/p>\t\t\t\t\t\t\t\t<\/div>\n\t\t\t\t\t<\/div>\n\t\t\t\t<\/div>\n\t\t<div class=\"elementor-element elementor-element-391dc2a e-flex e-con-boxed wpr-particle-no wpr-jarallax-no wpr-parallax-no wpr-sticky-section-no e-con e-parent\" data-id=\"391dc2a\" data-element_type=\"container\">\n\t\t\t\t\t<div class=\"e-con-inner\">\n\t\t<div class=\"elementor-element elementor-element-a8317ce e-con-full e-flex wpr-particle-no wpr-jarallax-no wpr-parallax-no wpr-sticky-section-no e-con e-child\" data-id=\"a8317ce\" data-element_type=\"container\">\n\t\t\t\t<div class=\"elementor-element elementor-element-8a636d4 elementor-widget elementor-widget-image\" data-id=\"8a636d4\" data-element_type=\"widget\" data-widget_type=\"image.default\">\n\t\t\t\t\t\t\t\t\t\t\t\t\t\t\t\t<a href=\"https:\/\/elsa-berthier.fr\/wp-content\/uploads\/2025\/11\/Michel-LFI-scaled.jpg\" data-elementor-open-lightbox=\"yes\" data-elementor-lightbox-title=\"Sous son drapeau LFI, Michel attend le d\u00e9but de la manifestation avec un sourire.\" data-e-action-hash=\"#elementor-action%3Aaction%3Dlightbox%26settings%3DeyJpZCI6MzAyLCJ1cmwiOiJodHRwczpcL1wvZWxzYS1iZXJ0aGllci5mclwvd3AtY29udGVudFwvdXBsb2Fkc1wvMjAyNVwvMTFcL01pY2hlbC1MRkktc2NhbGVkLmpwZyJ9\">\n\t\t\t\t\t\t\t<img decoding=\"async\" src=\"https:\/\/elsa-berthier.fr\/wp-content\/uploads\/elementor\/thumbs\/Michel-LFI-scaled-reusbkx9dbbw5d3lt92sqplciyzns39jbl1d47bcna.jpg\" title=\"Sous son drapeau LFI, Michel attend le d\u00e9but de la manifestation avec un sourire.\" alt=\"Sous son drapeau LFI, Michel attend le d\u00e9but de la manifestation avec un sourire.\" loading=\"lazy\" \/>\t\t\t\t\t\t\t\t<\/a>\n\t\t\t\t\t\t\t\t\t\t\t\t\t\t\t<\/div>\n\t\t\t\t<div class=\"elementor-element elementor-element-4b7104a elementor-widget elementor-widget-text-editor\" data-id=\"4b7104a\" data-element_type=\"widget\" data-widget_type=\"text-editor.default\">\n\t\t\t\t\t\t\t\t\t<p>Sous son drapeau LFI, Michel attend le d\u00e9but<br>&nbsp;de la manifestation avec un sourire.<\/p>\t\t\t\t\t\t\t\t<\/div>\n\t\t\t\t<\/div>\n\t\t<div class=\"elementor-element elementor-element-7e7891d e-con-full e-flex wpr-particle-no wpr-jarallax-no wpr-parallax-no wpr-sticky-section-no e-con e-child\" data-id=\"7e7891d\" data-element_type=\"container\">\n\t\t\t\t<div class=\"elementor-element elementor-element-6b85177 elementor-widget elementor-widget-image\" data-id=\"6b85177\" data-element_type=\"widget\" data-widget_type=\"image.default\">\n\t\t\t\t\t\t\t\t\t\t\t\t\t\t\t\t<a href=\"https:\/\/elsa-berthier.fr\/wp-content\/uploads\/2025\/11\/DSC_0476-scaled.jpg\" data-elementor-open-lightbox=\"yes\" data-elementor-lightbox-title=\"En t\u00eate de cort\u00e8ge, les manifestants scandent\u00a0 chants et slogans.\" data-e-action-hash=\"#elementor-action%3Aaction%3Dlightbox%26settings%3DeyJpZCI6Mjk0LCJ1cmwiOiJodHRwczpcL1wvZWxzYS1iZXJ0aGllci5mclwvd3AtY29udGVudFwvdXBsb2Fkc1wvMjAyNVwvMTFcL0RTQ18wNDc2LXNjYWxlZC5qcGcifQ%3D%3D\">\n\t\t\t\t\t\t\t<img fetchpriority=\"high\" decoding=\"async\" width=\"800\" height=\"559\" src=\"https:\/\/elsa-berthier.fr\/wp-content\/uploads\/2025\/11\/DSC_0476-1024x715.jpg\" class=\"attachment-large size-large wp-image-294\" alt=\"\" srcset=\"https:\/\/elsa-berthier.fr\/wp-content\/uploads\/2025\/11\/DSC_0476-1024x715.jpg 1024w, https:\/\/elsa-berthier.fr\/wp-content\/uploads\/2025\/11\/DSC_0476-300x209.jpg 300w, https:\/\/elsa-berthier.fr\/wp-content\/uploads\/2025\/11\/DSC_0476-768x536.jpg 768w, https:\/\/elsa-berthier.fr\/wp-content\/uploads\/2025\/11\/DSC_0476-1536x1072.jpg 1536w, https:\/\/elsa-berthier.fr\/wp-content\/uploads\/2025\/11\/DSC_0476-2048x1429.jpg 2048w\" sizes=\"(max-width: 800px) 100vw, 800px\" \/>\t\t\t\t\t\t\t\t<\/a>\n\t\t\t\t\t\t\t\t\t\t\t\t\t\t\t<\/div>\n\t\t\t\t<div class=\"elementor-element elementor-element-7844a63 elementor-widget elementor-widget-text-editor\" data-id=\"7844a63\" data-element_type=\"widget\" data-widget_type=\"text-editor.default\">\n\t\t\t\t\t\t\t\t\t<p>En t\u00eate de cort\u00e8ge, les manifestants <br>scandent&nbsp;chants et slogans.<\/p>\t\t\t\t\t\t\t\t<\/div>\n\t\t\t\t<\/div>\n\t\t<div class=\"elementor-element elementor-element-6a1c257 e-con-full e-flex wpr-particle-no wpr-jarallax-no wpr-parallax-no wpr-sticky-section-no e-con e-child\" data-id=\"6a1c257\" data-element_type=\"container\">\n\t\t\t\t<div class=\"elementor-element elementor-element-5dcd8e5 elementor-widget__width-inherit elementor-widget elementor-widget-image\" data-id=\"5dcd8e5\" data-element_type=\"widget\" data-widget_type=\"image.default\">\n\t\t\t\t\t\t\t\t\t\t\t\t\t\t\t\t<a href=\"https:\/\/elsa-berthier.fr\/wp-content\/uploads\/2025\/11\/DSC_0482-scaled.jpg\" data-elementor-open-lightbox=\"yes\" data-elementor-lightbox-title=\"Les nominations chaotiques de nouveaux ministres ont largement aliment\u00e9 les slogans et pancartes de la manifestation du 10 septembre 2025.\" data-e-action-hash=\"#elementor-action%3Aaction%3Dlightbox%26settings%3DeyJpZCI6Mjk3LCJ1cmwiOiJodHRwczpcL1wvZWxzYS1iZXJ0aGllci5mclwvd3AtY29udGVudFwvdXBsb2Fkc1wvMjAyNVwvMTFcL0RTQ18wNDgyLXNjYWxlZC5qcGcifQ%3D%3D\">\n\t\t\t\t\t\t\t<img decoding=\"async\" width=\"2560\" height=\"1702\" src=\"https:\/\/elsa-berthier.fr\/wp-content\/uploads\/2025\/11\/DSC_0482-scaled.jpg\" class=\"attachment-full size-full wp-image-297\" alt=\"\" srcset=\"https:\/\/elsa-berthier.fr\/wp-content\/uploads\/2025\/11\/DSC_0482-scaled.jpg 2560w, https:\/\/elsa-berthier.fr\/wp-content\/uploads\/2025\/11\/DSC_0482-300x199.jpg 300w, https:\/\/elsa-berthier.fr\/wp-content\/uploads\/2025\/11\/DSC_0482-1024x681.jpg 1024w, https:\/\/elsa-berthier.fr\/wp-content\/uploads\/2025\/11\/DSC_0482-768x511.jpg 768w, https:\/\/elsa-berthier.fr\/wp-content\/uploads\/2025\/11\/DSC_0482-1536x1021.jpg 1536w, https:\/\/elsa-berthier.fr\/wp-content\/uploads\/2025\/11\/DSC_0482-2048x1362.jpg 2048w\" sizes=\"(max-width: 2560px) 100vw, 2560px\" \/>\t\t\t\t\t\t\t\t<\/a>\n\t\t\t\t\t\t\t\t\t\t\t\t\t\t\t<\/div>\n\t\t\t\t<div class=\"elementor-element elementor-element-7a3ef28 elementor-widget elementor-widget-text-editor\" data-id=\"7a3ef28\" data-element_type=\"widget\" data-widget_type=\"text-editor.default\">\n\t\t\t\t\t\t\t\t\t<p>Les nominations chaotiques de nouveaux ministres ont largement aliment\u00e9 les slogans et pancartes de la manifestation du 10 septembre 2025.<\/p>\t\t\t\t\t\t\t\t<\/div>\n\t\t\t\t<\/div>\n\t\t\t\t\t<\/div>\n\t\t\t\t<\/div>\n\t\t<div class=\"elementor-element elementor-element-a6b3173 e-flex e-con-boxed wpr-particle-no wpr-jarallax-no wpr-parallax-no wpr-sticky-section-no e-con e-parent\" data-id=\"a6b3173\" data-element_type=\"container\">\n\t\t\t\t\t<div class=\"e-con-inner\">\n\t\t<div class=\"elementor-element elementor-element-201f9d1 e-con-full e-flex wpr-particle-no wpr-jarallax-no wpr-parallax-no wpr-sticky-section-no e-con e-child\" data-id=\"201f9d1\" data-element_type=\"container\">\n\t\t\t\t<div class=\"elementor-element elementor-element-668546d elementor-widget elementor-widget-image\" data-id=\"668546d\" data-element_type=\"widget\" data-widget_type=\"image.default\">\n\t\t\t\t\t\t\t\t\t\t\t\t\t\t\t\t<a href=\"https:\/\/elsa-berthier.fr\/wp-content\/uploads\/2025\/11\/DSC_0499-scaled.jpg\" data-elementor-open-lightbox=\"yes\" data-elementor-lightbox-title=\"Collage de sticker sur les lampadaires.\" data-e-action-hash=\"#elementor-action%3Aaction%3Dlightbox%26settings%3DeyJpZCI6Mjk5LCJ1cmwiOiJodHRwczpcL1wvZWxzYS1iZXJ0aGllci5mclwvd3AtY29udGVudFwvdXBsb2Fkc1wvMjAyNVwvMTFcL0RTQ18wNDk5LXNjYWxlZC5qcGcifQ%3D%3D\">\n\t\t\t\t\t\t\t<img decoding=\"async\" width=\"800\" height=\"532\" src=\"https:\/\/elsa-berthier.fr\/wp-content\/uploads\/2025\/11\/DSC_0499-1024x681.jpg\" class=\"attachment-large size-large wp-image-299\" alt=\"\" srcset=\"https:\/\/elsa-berthier.fr\/wp-content\/uploads\/2025\/11\/DSC_0499-1024x681.jpg 1024w, https:\/\/elsa-berthier.fr\/wp-content\/uploads\/2025\/11\/DSC_0499-300x199.jpg 300w, https:\/\/elsa-berthier.fr\/wp-content\/uploads\/2025\/11\/DSC_0499-768x511.jpg 768w, https:\/\/elsa-berthier.fr\/wp-content\/uploads\/2025\/11\/DSC_0499-1536x1021.jpg 1536w, https:\/\/elsa-berthier.fr\/wp-content\/uploads\/2025\/11\/DSC_0499-2048x1362.jpg 2048w\" sizes=\"(max-width: 800px) 100vw, 800px\" \/>\t\t\t\t\t\t\t\t<\/a>\n\t\t\t\t\t\t\t\t\t\t\t\t\t\t\t<\/div>\n\t\t\t\t<\/div>\n\t\t<div class=\"elementor-element elementor-element-987f5e3 e-con-full e-flex wpr-particle-no wpr-jarallax-no wpr-parallax-no wpr-sticky-section-no e-con e-child\" data-id=\"987f5e3\" data-element_type=\"container\">\n\t\t\t\t<div class=\"elementor-element elementor-element-07038e0 elementor-widget elementor-widget-image\" data-id=\"07038e0\" data-element_type=\"widget\" data-widget_type=\"image.default\">\n\t\t\t\t\t\t\t\t\t\t\t\t\t\t\t\t<a href=\"https:\/\/elsa-berthier.fr\/wp-content\/uploads\/2025\/11\/DSC_0479-scaled.jpg\" data-elementor-open-lightbox=\"yes\" data-elementor-lightbox-title=\"Convergence des luttes.\" data-e-action-hash=\"#elementor-action%3Aaction%3Dlightbox%26settings%3DeyJpZCI6Mjk2LCJ1cmwiOiJodHRwczpcL1wvZWxzYS1iZXJ0aGllci5mclwvd3AtY29udGVudFwvdXBsb2Fkc1wvMjAyNVwvMTFcL0RTQ18wNDc5LXNjYWxlZC5qcGcifQ%3D%3D\">\n\t\t\t\t\t\t\t<img loading=\"lazy\" decoding=\"async\" width=\"800\" height=\"532\" src=\"https:\/\/elsa-berthier.fr\/wp-content\/uploads\/2025\/11\/DSC_0479-1024x681.jpg\" class=\"attachment-large size-large wp-image-296\" alt=\"\" srcset=\"https:\/\/elsa-berthier.fr\/wp-content\/uploads\/2025\/11\/DSC_0479-1024x681.jpg 1024w, https:\/\/elsa-berthier.fr\/wp-content\/uploads\/2025\/11\/DSC_0479-300x199.jpg 300w, https:\/\/elsa-berthier.fr\/wp-content\/uploads\/2025\/11\/DSC_0479-768x511.jpg 768w, https:\/\/elsa-berthier.fr\/wp-content\/uploads\/2025\/11\/DSC_0479-1536x1021.jpg 1536w, https:\/\/elsa-berthier.fr\/wp-content\/uploads\/2025\/11\/DSC_0479-2048x1362.jpg 2048w\" sizes=\"(max-width: 800px) 100vw, 800px\" \/>\t\t\t\t\t\t\t\t<\/a>\n\t\t\t\t\t\t\t\t\t\t\t\t\t\t\t<\/div>\n\t\t\t\t<\/div>\n\t\t<div class=\"elementor-element elementor-element-7f7ff78 e-con-full e-flex wpr-particle-no wpr-jarallax-no wpr-parallax-no wpr-sticky-section-no e-con e-child\" data-id=\"7f7ff78\" data-element_type=\"container\">\n\t\t\t\t<div class=\"elementor-element elementor-element-e5ac836 elementor-widget elementor-widget-image\" data-id=\"e5ac836\" data-element_type=\"widget\" data-widget_type=\"image.default\">\n\t\t\t\t\t\t\t\t\t\t\t\t\t\t\t\t<a href=\"https:\/\/elsa-berthier.fr\/wp-content\/uploads\/2025\/11\/DSC_0502-scaled.jpg\" data-elementor-open-lightbox=\"yes\" data-elementor-lightbox-title=\"D\u00e9coration du mobilier urbain.\" data-e-action-hash=\"#elementor-action%3Aaction%3Dlightbox%26settings%3DeyJpZCI6MzAwLCJ1cmwiOiJodHRwczpcL1wvZWxzYS1iZXJ0aGllci5mclwvd3AtY29udGVudFwvdXBsb2Fkc1wvMjAyNVwvMTFcL0RTQ18wNTAyLXNjYWxlZC5qcGcifQ%3D%3D\">\n\t\t\t\t\t\t\t<img loading=\"lazy\" decoding=\"async\" width=\"800\" height=\"532\" src=\"https:\/\/elsa-berthier.fr\/wp-content\/uploads\/2025\/11\/DSC_0502-1024x681.jpg\" class=\"attachment-large size-large wp-image-300\" alt=\"\" srcset=\"https:\/\/elsa-berthier.fr\/wp-content\/uploads\/2025\/11\/DSC_0502-1024x681.jpg 1024w, https:\/\/elsa-berthier.fr\/wp-content\/uploads\/2025\/11\/DSC_0502-300x199.jpg 300w, https:\/\/elsa-berthier.fr\/wp-content\/uploads\/2025\/11\/DSC_0502-768x511.jpg 768w, https:\/\/elsa-berthier.fr\/wp-content\/uploads\/2025\/11\/DSC_0502-1536x1021.jpg 1536w, https:\/\/elsa-berthier.fr\/wp-content\/uploads\/2025\/11\/DSC_0502-2048x1362.jpg 2048w\" sizes=\"(max-width: 800px) 100vw, 800px\" \/>\t\t\t\t\t\t\t\t<\/a>\n\t\t\t\t\t\t\t\t\t\t\t\t\t\t\t<\/div>\n\t\t\t\t<\/div>\n\t\t<div class=\"elementor-element elementor-element-f772502 e-con-full e-flex wpr-particle-no wpr-jarallax-no wpr-parallax-no wpr-sticky-section-no e-con e-child\" data-id=\"f772502\" data-element_type=\"container\">\n\t\t\t\t<div class=\"elementor-element elementor-element-6b19819 elementor-widget elementor-widget-image\" data-id=\"6b19819\" data-element_type=\"widget\" data-widget_type=\"image.default\">\n\t\t\t\t\t\t\t\t\t\t\t\t\t\t\t\t<a href=\"https:\/\/elsa-berthier.fr\/wp-content\/uploads\/2025\/11\/camion-solidarite-21-scaled.jpg\" data-elementor-open-lightbox=\"yes\" data-elementor-lightbox-title=\"Le camion Solidarit\u00e9 21 est de sortie.\" data-e-action-hash=\"#elementor-action%3Aaction%3Dlightbox%26settings%3DeyJpZCI6Mjg3LCJ1cmwiOiJodHRwczpcL1wvZWxzYS1iZXJ0aGllci5mclwvd3AtY29udGVudFwvdXBsb2Fkc1wvMjAyNVwvMTFcL2NhbWlvbi1zb2xpZGFyaXRlLTIxLXNjYWxlZC5qcGcifQ%3D%3D\">\n\t\t\t\t\t\t\t<img loading=\"lazy\" decoding=\"async\" width=\"800\" height=\"532\" src=\"https:\/\/elsa-berthier.fr\/wp-content\/uploads\/2025\/11\/camion-solidarite-21-1024x681.jpg\" class=\"attachment-large size-large wp-image-287\" alt=\"\" srcset=\"https:\/\/elsa-berthier.fr\/wp-content\/uploads\/2025\/11\/camion-solidarite-21-1024x681.jpg 1024w, https:\/\/elsa-berthier.fr\/wp-content\/uploads\/2025\/11\/camion-solidarite-21-300x199.jpg 300w, https:\/\/elsa-berthier.fr\/wp-content\/uploads\/2025\/11\/camion-solidarite-21-768x511.jpg 768w, https:\/\/elsa-berthier.fr\/wp-content\/uploads\/2025\/11\/camion-solidarite-21-1536x1021.jpg 1536w, https:\/\/elsa-berthier.fr\/wp-content\/uploads\/2025\/11\/camion-solidarite-21-2048x1362.jpg 2048w\" sizes=\"(max-width: 800px) 100vw, 800px\" \/>\t\t\t\t\t\t\t\t<\/a>\n\t\t\t\t\t\t\t\t\t\t\t\t\t\t\t<\/div>\n\t\t\t\t<\/div>\n\t\t<div class=\"elementor-element elementor-element-a4d32e5 e-con-full e-flex wpr-particle-no wpr-jarallax-no wpr-parallax-no wpr-sticky-section-no e-con e-child\" data-id=\"a4d32e5\" data-element_type=\"container\">\n\t\t\t\t<div class=\"elementor-element elementor-element-8c65e14 elementor-widget elementor-widget-image\" data-id=\"8c65e14\" data-element_type=\"widget\" data-widget_type=\"image.default\">\n\t\t\t\t\t\t\t\t\t\t\t\t\t\t\t\t<a href=\"https:\/\/elsa-berthier.fr\/wp-content\/uploads\/2025\/11\/DSC_0496-scaled.jpg\" data-elementor-open-lightbox=\"yes\" data-elementor-lightbox-title=\"Au milieu du cort\u00e8ge, les fumig\u00e8nes sont de sortie.\" data-e-action-hash=\"#elementor-action%3Aaction%3Dlightbox%26settings%3DeyJpZCI6Mjk4LCJ1cmwiOiJodHRwczpcL1wvZWxzYS1iZXJ0aGllci5mclwvd3AtY29udGVudFwvdXBsb2Fkc1wvMjAyNVwvMTFcL0RTQ18wNDk2LXNjYWxlZC5qcGcifQ%3D%3D\">\n\t\t\t\t\t\t\t<img decoding=\"async\" src=\"https:\/\/elsa-berthier.fr\/wp-content\/uploads\/2025\/11\/DSC_0496-scaled.jpg\" title=\"Au milieu du cort\u00e8ge, les fumig\u00e8nes sont de sortie.\" alt=\"Au milieu du cort\u00e8ge, les fumig\u00e8nes sont de sortie.\" loading=\"lazy\" \/>\t\t\t\t\t\t\t\t<\/a>\n\t\t\t\t\t\t\t\t\t\t\t\t\t\t\t<\/div>\n\t\t\t\t<\/div>\n\t\t<div class=\"elementor-element elementor-element-8eeb55b e-con-full e-flex wpr-particle-no wpr-jarallax-no wpr-parallax-no wpr-sticky-section-no e-con e-child\" data-id=\"8eeb55b\" data-element_type=\"container\">\n\t\t\t\t<div class=\"elementor-element elementor-element-2a0f5f3 elementor-widget elementor-widget-image\" data-id=\"2a0f5f3\" data-element_type=\"widget\" data-widget_type=\"image.default\">\n\t\t\t\t\t\t\t\t\t\t\t\t\t\t\t\t<a href=\"https:\/\/elsa-berthier.fr\/wp-content\/uploads\/2025\/11\/DSC_0452-scaled.jpg\" data-elementor-open-lightbox=\"yes\" data-elementor-lightbox-title=\"Les manifestants ont envahi la place du 30 octobre le temps du passage du cort\u00e8ge.\" data-e-action-hash=\"#elementor-action%3Aaction%3Dlightbox%26settings%3DeyJpZCI6MjkxLCJ1cmwiOiJodHRwczpcL1wvZWxzYS1iZXJ0aGllci5mclwvd3AtY29udGVudFwvdXBsb2Fkc1wvMjAyNVwvMTFcL0RTQ18wNDUyLXNjYWxlZC5qcGcifQ%3D%3D\">\n\t\t\t\t\t\t\t<img loading=\"lazy\" decoding=\"async\" width=\"800\" height=\"532\" src=\"https:\/\/elsa-berthier.fr\/wp-content\/uploads\/2025\/11\/DSC_0452-1024x681.jpg\" class=\"attachment-large size-large wp-image-291\" alt=\"\" srcset=\"https:\/\/elsa-berthier.fr\/wp-content\/uploads\/2025\/11\/DSC_0452-1024x681.jpg 1024w, https:\/\/elsa-berthier.fr\/wp-content\/uploads\/2025\/11\/DSC_0452-300x199.jpg 300w, https:\/\/elsa-berthier.fr\/wp-content\/uploads\/2025\/11\/DSC_0452-768x511.jpg 768w, https:\/\/elsa-berthier.fr\/wp-content\/uploads\/2025\/11\/DSC_0452-1536x1021.jpg 1536w, https:\/\/elsa-berthier.fr\/wp-content\/uploads\/2025\/11\/DSC_0452-2048x1362.jpg 2048w\" sizes=\"(max-width: 800px) 100vw, 800px\" \/>\t\t\t\t\t\t\t\t<\/a>\n\t\t\t\t\t\t\t\t\t\t\t\t\t\t\t<\/div>\n\t\t\t\t<\/div>\n\t\t\t\t\t<\/div>\n\t\t\t\t<\/div>\n\t\t<div class=\"elementor-element elementor-element-22b727f e-flex e-con-boxed wpr-particle-no wpr-jarallax-no wpr-parallax-no wpr-sticky-section-no e-con e-parent\" data-id=\"22b727f\" data-element_type=\"container\">\n\t\t\t\t\t<div class=\"e-con-inner\">\n\t\t\t\t<div class=\"elementor-element elementor-element-ef94921 elementor-widget elementor-widget-spacer\" data-id=\"ef94921\" data-element_type=\"widget\" data-widget_type=\"spacer.default\">\n\t\t\t\t\t\t\t<div class=\"elementor-spacer\">\n\t\t\t<div class=\"elementor-spacer-inner\"><\/div>\n\t\t<\/div>\n\t\t\t\t\t\t<\/div>\n\t\t\t\t<div class=\"elementor-element elementor-element-13e4f8b elementor-widget elementor-widget-image\" data-id=\"13e4f8b\" data-element_type=\"widget\" data-widget_type=\"image.default\">\n\t\t\t\t\t\t\t\t\t\t\t\t\t\t\t\t<a href=\"https:\/\/elsa-berthier.fr\/wp-content\/uploads\/2025\/11\/pendant-le-cortege-scaled.jpg\" data-elementor-open-lightbox=\"yes\" data-elementor-lightbox-title=\"Un manifestant s&#039;\u00e9l\u00e8ve au dessus de la foule pendant le cort\u00e8ge.\" data-e-action-hash=\"#elementor-action%3Aaction%3Dlightbox%26settings%3DeyJpZCI6NDYxLCJ1cmwiOiJodHRwczpcL1wvZWxzYS1iZXJ0aGllci5mclwvd3AtY29udGVudFwvdXBsb2Fkc1wvMjAyNVwvMTFcL3BlbmRhbnQtbGUtY29ydGVnZS1zY2FsZWQuanBnIn0%3D\">\n\t\t\t\t\t\t\t<img loading=\"lazy\" decoding=\"async\" width=\"2560\" height=\"1795\" src=\"https:\/\/elsa-berthier.fr\/wp-content\/uploads\/2025\/11\/pendant-le-cortege-scaled.jpg\" class=\"attachment-full size-full wp-image-461\" alt=\"\" srcset=\"https:\/\/elsa-berthier.fr\/wp-content\/uploads\/2025\/11\/pendant-le-cortege-scaled.jpg 2560w, https:\/\/elsa-berthier.fr\/wp-content\/uploads\/2025\/11\/pendant-le-cortege-300x210.jpg 300w, https:\/\/elsa-berthier.fr\/wp-content\/uploads\/2025\/11\/pendant-le-cortege-1024x718.jpg 1024w, https:\/\/elsa-berthier.fr\/wp-content\/uploads\/2025\/11\/pendant-le-cortege-768x539.jpg 768w, https:\/\/elsa-berthier.fr\/wp-content\/uploads\/2025\/11\/pendant-le-cortege-1536x1077.jpg 1536w, https:\/\/elsa-berthier.fr\/wp-content\/uploads\/2025\/11\/pendant-le-cortege-2048x1436.jpg 2048w\" sizes=\"(max-width: 2560px) 100vw, 2560px\" \/>\t\t\t\t\t\t\t\t<\/a>\n\t\t\t\t\t\t\t\t\t\t\t\t\t\t\t<\/div>\n\t\t\t\t<div class=\"elementor-element elementor-element-d799fd6 elementor-widget elementor-widget-text-editor\" data-id=\"d799fd6\" data-element_type=\"widget\" data-widget_type=\"text-editor.default\">\n\t\t\t\t\t\t\t\t\t<p>Un manifestant s&rsquo;\u00e9l\u00e8ve au dessus de la foule pendant le cort\u00e8ge.<\/p>\t\t\t\t\t\t\t\t<\/div>\n\t\t\t\t\t<\/div>\n\t\t\t\t<\/div>\n\t\t\t\t<\/div>\n\t\t","protected":false},"excerpt":{"rendered":"<p>\u00a0\u00bb Bloquons tout \u00ab\u00a0 Le 10 septembre 2025, la mobilisation \u00ab\u00a0Bloquons tout\u00a0\u00bb s&rsquo;est fait conna\u00eetre dans toute la France, y compris \u00e0 Dijono\u00f9 plus de 3 500 personnes se sont r\u00e9unies pour faire entendre leurs protestations. Sous son drapeau LFI, Michel attend le d\u00e9but&nbsp;de la manifestation avec un sourire. En t\u00eate de cort\u00e8ge, les manifestants scandent&nbsp;chants et slogans. Les nominations chaotiques de nouveaux ministres ont largement aliment\u00e9 les slogans et pancartes de la manifestation du 10 septembre 2025. Un manifestant s&rsquo;\u00e9l\u00e8ve au dessus de la foule pendant le cort\u00e8ge.<\/p>\n","protected":false},"author":1,"featured_media":0,"parent":0,"menu_order":0,"comment_status":"closed","ping_status":"closed","template":"elementor_header_footer","meta":{"footnotes":""},"class_list":["post-111","page","type-page","status-publish","hentry"],"_links":{"self":[{"href":"https:\/\/elsa-berthier.fr\/index.php\/wp-json\/wp\/v2\/pages\/111","targetHints":{"allow":["GET"]}}],"collection":[{"href":"https:\/\/elsa-berthier.fr\/index.php\/wp-json\/wp\/v2\/pages"}],"about":[{"href":"https:\/\/elsa-berthier.fr\/index.php\/wp-json\/wp\/v2\/types\/page"}],"author":[{"embeddable":true,"href":"https:\/\/elsa-berthier.fr\/index.php\/wp-json\/wp\/v2\/users\/1"}],"replies":[{"embeddable":true,"href":"https:\/\/elsa-berthier.fr\/index.php\/wp-json\/wp\/v2\/comments?post=111"}],"version-history":[{"count":95,"href":"https:\/\/elsa-berthier.fr\/index.php\/wp-json\/wp\/v2\/pages\/111\/revisions"}],"predecessor-version":[{"id":981,"href":"https:\/\/elsa-berthier.fr\/index.php\/wp-json\/wp\/v2\/pages\/111\/revisions\/981"}],"wp:attachment":[{"href":"https:\/\/elsa-berthier.fr\/index.php\/wp-json\/wp\/v2\/media?parent=111"}],"curies":[{"name":"wp","href":"https:\/\/api.w.org\/{rel}","templated":true}]}}