{"id":113,"date":"2025-11-17T16:49:43","date_gmt":"2025-11-17T16:49:43","guid":{"rendered":"https:\/\/elsa-berthier.fr\/?page_id=113"},"modified":"2026-01-12T16:58:56","modified_gmt":"2026-01-12T16:58:56","slug":"portraits","status":"publish","type":"page","link":"https:\/\/elsa-berthier.fr\/index.php\/portraits\/","title":{"rendered":"Portraits"},"content":{"rendered":"\t\t<div data-elementor-type=\"wp-page\" data-elementor-id=\"113\" class=\"elementor elementor-113\">\n\t\t\t\t<div class=\"elementor-element elementor-element-3d1b570 e-flex e-con-boxed wpr-particle-no wpr-jarallax-no wpr-parallax-no wpr-sticky-section-no e-con e-parent\" data-id=\"3d1b570\" data-element_type=\"container\">\n\t\t\t\t\t<div class=\"e-con-inner\">\n\t\t\t\t<div class=\"elementor-element elementor-element-425c2a3 elementor-widget elementor-widget-heading\" data-id=\"425c2a3\" data-element_type=\"widget\" data-widget_type=\"heading.default\">\n\t\t\t\t\t<h2 class=\"elementor-heading-title elementor-size-default\">Portraits<\/h2>\t\t\t\t<\/div>\n\t\t\t\t<div class=\"elementor-element elementor-element-d2e0225 elementor-widget elementor-widget-heading\" data-id=\"d2e0225\" data-element_type=\"widget\" data-widget_type=\"heading.default\">\n\t\t\t\t\t<h2 class=\"elementor-heading-title elementor-size-default\">En shooting...<\/h2>\t\t\t\t<\/div>\n\t\t\t\t\t<\/div>\n\t\t\t\t<\/div>\n\t\t<div class=\"elementor-element elementor-element-6582d92 e-flex e-con-boxed wpr-particle-no wpr-jarallax-no wpr-parallax-no wpr-sticky-section-no e-con e-parent\" data-id=\"6582d92\" data-element_type=\"container\">\n\t\t\t\t\t<div class=\"e-con-inner\">\n\t\t<div class=\"elementor-element elementor-element-dbe574e e-con-full e-flex wpr-particle-no wpr-jarallax-no wpr-parallax-no wpr-sticky-section-no e-con e-child\" data-id=\"dbe574e\" data-element_type=\"container\">\n\t\t\t\t<div class=\"elementor-element elementor-element-6a0c8a6 elementor-widget elementor-widget-image\" data-id=\"6a0c8a6\" data-element_type=\"widget\" data-widget_type=\"image.default\">\n\t\t\t\t\t\t\t\t\t\t\t\t\t\t\t\t<a href=\"https:\/\/elsa-berthier.fr\/wp-content\/uploads\/2025\/11\/DSC8279-scaled.jpg\" data-elementor-open-lightbox=\"yes\" data-elementor-lightbox-title=\"Manon (MT Photography) prend la pose.\" data-e-action-hash=\"#elementor-action%3Aaction%3Dlightbox%26settings%3DeyJpZCI6Mzg0LCJ1cmwiOiJodHRwczpcL1wvZWxzYS1iZXJ0aGllci5mclwvd3AtY29udGVudFwvdXBsb2Fkc1wvMjAyNVwvMTFcL0RTQzgyNzktc2NhbGVkLmpwZyJ9\">\n\t\t\t\t\t\t\t<img fetchpriority=\"high\" decoding=\"async\" width=\"800\" height=\"532\" src=\"https:\/\/elsa-berthier.fr\/wp-content\/uploads\/2025\/11\/DSC8279-1024x681.jpg\" class=\"attachment-large size-large wp-image-384\" alt=\"\" srcset=\"https:\/\/elsa-berthier.fr\/wp-content\/uploads\/2025\/11\/DSC8279-1024x681.jpg 1024w, https:\/\/elsa-berthier.fr\/wp-content\/uploads\/2025\/11\/DSC8279-300x200.jpg 300w, https:\/\/elsa-berthier.fr\/wp-content\/uploads\/2025\/11\/DSC8279-768x511.jpg 768w, https:\/\/elsa-berthier.fr\/wp-content\/uploads\/2025\/11\/DSC8279-1536x1022.jpg 1536w, https:\/\/elsa-berthier.fr\/wp-content\/uploads\/2025\/11\/DSC8279-2048x1363.jpg 2048w\" sizes=\"(max-width: 800px) 100vw, 800px\" \/>\t\t\t\t\t\t\t\t<\/a>\n\t\t\t\t\t\t\t\t\t\t\t\t\t\t\t<\/div>\n\t\t\t\t<div class=\"elementor-element elementor-element-8766b46 elementor-widget elementor-widget-image\" data-id=\"8766b46\" data-element_type=\"widget\" data-widget_type=\"image.default\">\n\t\t\t\t\t\t\t\t\t\t\t\t\t\t\t\t<a href=\"https:\/\/elsa-berthier.fr\/wp-content\/uploads\/2025\/11\/DSC8334-scaled.jpg\" data-elementor-open-lightbox=\"yes\" data-elementor-lightbox-title=\"Manon (MT Photography) prend la pose.\" data-e-action-hash=\"#elementor-action%3Aaction%3Dlightbox%26settings%3DeyJpZCI6MzgzLCJ1cmwiOiJodHRwczpcL1wvZWxzYS1iZXJ0aGllci5mclwvd3AtY29udGVudFwvdXBsb2Fkc1wvMjAyNVwvMTFcL0RTQzgzMzQtc2NhbGVkLmpwZyJ9\">\n\t\t\t\t\t\t\t<img decoding=\"async\" width=\"800\" height=\"532\" src=\"https:\/\/elsa-berthier.fr\/wp-content\/uploads\/2025\/11\/DSC8334-1024x681.jpg\" class=\"attachment-large size-large wp-image-383\" alt=\"\" srcset=\"https:\/\/elsa-berthier.fr\/wp-content\/uploads\/2025\/11\/DSC8334-1024x681.jpg 1024w, https:\/\/elsa-berthier.fr\/wp-content\/uploads\/2025\/11\/DSC8334-300x200.jpg 300w, https:\/\/elsa-berthier.fr\/wp-content\/uploads\/2025\/11\/DSC8334-768x511.jpg 768w, https:\/\/elsa-berthier.fr\/wp-content\/uploads\/2025\/11\/DSC8334-1536x1022.jpg 1536w, https:\/\/elsa-berthier.fr\/wp-content\/uploads\/2025\/11\/DSC8334-2048x1363.jpg 2048w\" sizes=\"(max-width: 800px) 100vw, 800px\" \/>\t\t\t\t\t\t\t\t<\/a>\n\t\t\t\t\t\t\t\t\t\t\t\t\t\t\t<\/div>\n\t\t\t\t<div class=\"elementor-element elementor-element-c180e07 elementor-widget elementor-widget-image\" data-id=\"c180e07\" data-element_type=\"widget\" data-widget_type=\"image.default\">\n\t\t\t\t\t\t\t\t\t\t\t\t\t\t\t\t<a href=\"https:\/\/elsa-berthier.fr\/wp-content\/uploads\/2025\/11\/DSC8276-scaled.jpg\" data-elementor-open-lightbox=\"yes\" data-elementor-lightbox-title=\"Manon (MT Photography) prend la pose.\" data-e-action-hash=\"#elementor-action%3Aaction%3Dlightbox%26settings%3DeyJpZCI6NDA0LCJ1cmwiOiJodHRwczpcL1wvZWxzYS1iZXJ0aGllci5mclwvd3AtY29udGVudFwvdXBsb2Fkc1wvMjAyNVwvMTFcL0RTQzgyNzYtc2NhbGVkLmpwZyJ9\">\n\t\t\t\t\t\t\t<img decoding=\"async\" width=\"800\" height=\"532\" src=\"https:\/\/elsa-berthier.fr\/wp-content\/uploads\/2025\/11\/DSC8276-1024x681.jpg\" class=\"attachment-large size-large wp-image-404\" alt=\"\" srcset=\"https:\/\/elsa-berthier.fr\/wp-content\/uploads\/2025\/11\/DSC8276-1024x681.jpg 1024w, https:\/\/elsa-berthier.fr\/wp-content\/uploads\/2025\/11\/DSC8276-300x200.jpg 300w, https:\/\/elsa-berthier.fr\/wp-content\/uploads\/2025\/11\/DSC8276-768x511.jpg 768w, https:\/\/elsa-berthier.fr\/wp-content\/uploads\/2025\/11\/DSC8276-1536x1022.jpg 1536w, https:\/\/elsa-berthier.fr\/wp-content\/uploads\/2025\/11\/DSC8276-2048x1363.jpg 2048w\" sizes=\"(max-width: 800px) 100vw, 800px\" \/>\t\t\t\t\t\t\t\t<\/a>\n\t\t\t\t\t\t\t\t\t\t\t\t\t\t\t<\/div>\n\t\t\t\t<\/div>\n\t\t<div class=\"elementor-element elementor-element-e18fb0b e-con-full e-flex wpr-particle-no wpr-jarallax-no wpr-parallax-no wpr-sticky-section-no e-con e-child\" data-id=\"e18fb0b\" data-element_type=\"container\">\n\t\t\t\t<div class=\"elementor-element elementor-element-4c9a9de elementor-widget__width-initial elementor-widget elementor-widget-image\" data-id=\"4c9a9de\" data-element_type=\"widget\" data-widget_type=\"image.default\">\n\t\t\t\t\t\t\t\t\t\t\t\t\t\t\t\t<a href=\"https:\/\/elsa-berthier.fr\/wp-content\/uploads\/2025\/11\/DSC8309-1-scaled.jpg\" data-elementor-open-lightbox=\"yes\" data-elementor-lightbox-title=\"Manon (MT Photography) prend la pose.\" data-e-action-hash=\"#elementor-action%3Aaction%3Dlightbox%26settings%3DeyJpZCI6Mzg1LCJ1cmwiOiJodHRwczpcL1wvZWxzYS1iZXJ0aGllci5mclwvd3AtY29udGVudFwvdXBsb2Fkc1wvMjAyNVwvMTFcL0RTQzgzMDktMS1zY2FsZWQuanBnIn0%3D\">\n\t\t\t\t\t\t\t<img loading=\"lazy\" decoding=\"async\" width=\"800\" height=\"532\" src=\"https:\/\/elsa-berthier.fr\/wp-content\/uploads\/2025\/11\/DSC8309-1-1024x681.jpg\" class=\"attachment-large size-large wp-image-385\" alt=\"\" srcset=\"https:\/\/elsa-berthier.fr\/wp-content\/uploads\/2025\/11\/DSC8309-1-1024x681.jpg 1024w, https:\/\/elsa-berthier.fr\/wp-content\/uploads\/2025\/11\/DSC8309-1-300x200.jpg 300w, https:\/\/elsa-berthier.fr\/wp-content\/uploads\/2025\/11\/DSC8309-1-768x511.jpg 768w, https:\/\/elsa-berthier.fr\/wp-content\/uploads\/2025\/11\/DSC8309-1-1536x1022.jpg 1536w, https:\/\/elsa-berthier.fr\/wp-content\/uploads\/2025\/11\/DSC8309-1-2048x1363.jpg 2048w\" sizes=\"(max-width: 800px) 100vw, 800px\" \/>\t\t\t\t\t\t\t\t<\/a>\n\t\t\t\t\t\t\t\t\t\t\t\t\t\t\t<\/div>\n\t\t\t\t<\/div>\n\t\t\t\t\t<\/div>\n\t\t\t\t<\/div>\n\t\t<div class=\"elementor-element elementor-element-7089393 e-flex e-con-boxed wpr-particle-no wpr-jarallax-no wpr-parallax-no wpr-sticky-section-no e-con e-parent\" data-id=\"7089393\" data-element_type=\"container\">\n\t\t\t\t\t<div class=\"e-con-inner\">\n\t\t\t\t<div class=\"elementor-element elementor-element-f871a57 elementor-widget elementor-widget-heading\" data-id=\"f871a57\" data-element_type=\"widget\" data-widget_type=\"heading.default\">\n\t\t\t\t\t<h2 class=\"elementor-heading-title elementor-size-default\">... ou \u00e0 la vol\u00e9e.<\/h2>\t\t\t\t<\/div>\n\t\t\t\t\t<\/div>\n\t\t\t\t<\/div>\n\t\t<div class=\"elementor-element elementor-element-56346a7 e-flex e-con-boxed wpr-particle-no wpr-jarallax-no wpr-parallax-no wpr-sticky-section-no e-con e-parent\" data-id=\"56346a7\" data-element_type=\"container\">\n\t\t\t\t\t<div class=\"e-con-inner\">\n\t\t<div class=\"elementor-element elementor-element-e667e2c e-con-full e-flex wpr-particle-no wpr-jarallax-no wpr-parallax-no wpr-sticky-section-no e-con e-child\" data-id=\"e667e2c\" data-element_type=\"container\">\n\t\t\t\t<div class=\"elementor-element elementor-element-00e6772 elementor-widget elementor-widget-image\" data-id=\"00e6772\" data-element_type=\"widget\" data-widget_type=\"image.default\">\n\t\t\t\t\t\t\t\t\t\t\t\t\t\t\t\t<a href=\"https:\/\/elsa-berthier.fr\/wp-content\/uploads\/2025\/11\/DSC_0643-scaled.jpg\" data-elementor-open-lightbox=\"yes\" data-elementor-lightbox-title=\"L&#039;humoriste Titoff aux Ventes de vins de Beaune.\" data-e-action-hash=\"#elementor-action%3Aaction%3Dlightbox%26settings%3DeyJpZCI6MzkyLCJ1cmwiOiJodHRwczpcL1wvZWxzYS1iZXJ0aGllci5mclwvd3AtY29udGVudFwvdXBsb2Fkc1wvMjAyNVwvMTFcL0RTQ18wNjQzLXNjYWxlZC5qcGcifQ%3D%3D\">\n\t\t\t\t\t\t\t<img loading=\"lazy\" decoding=\"async\" width=\"681\" height=\"1024\" src=\"https:\/\/elsa-berthier.fr\/wp-content\/uploads\/2025\/11\/DSC_0643-681x1024.jpg\" class=\"attachment-large size-large wp-image-392\" alt=\"\" srcset=\"https:\/\/elsa-berthier.fr\/wp-content\/uploads\/2025\/11\/DSC_0643-681x1024.jpg 681w, https:\/\/elsa-berthier.fr\/wp-content\/uploads\/2025\/11\/DSC_0643-199x300.jpg 199w, https:\/\/elsa-berthier.fr\/wp-content\/uploads\/2025\/11\/DSC_0643-768x1155.jpg 768w, https:\/\/elsa-berthier.fr\/wp-content\/uploads\/2025\/11\/DSC_0643-1021x1536.jpg 1021w, https:\/\/elsa-berthier.fr\/wp-content\/uploads\/2025\/11\/DSC_0643-1362x2048.jpg 1362w, https:\/\/elsa-berthier.fr\/wp-content\/uploads\/2025\/11\/DSC_0643-scaled.jpg 1702w\" sizes=\"(max-width: 681px) 100vw, 681px\" \/>\t\t\t\t\t\t\t\t<\/a>\n\t\t\t\t\t\t\t\t\t\t\t\t\t\t\t<\/div>\n\t\t\t\t<div class=\"elementor-element elementor-element-92bb908 elementor-widget elementor-widget-spacer\" data-id=\"92bb908\" data-element_type=\"widget\" data-widget_type=\"spacer.default\">\n\t\t\t\t\t\t\t<div class=\"elementor-spacer\">\n\t\t\t<div class=\"elementor-spacer-inner\"><\/div>\n\t\t<\/div>\n\t\t\t\t\t\t<\/div>\n\t\t\t\t<\/div>\n\t\t<div class=\"elementor-element elementor-element-ee8586b e-con-full e-flex wpr-particle-no wpr-jarallax-no wpr-parallax-no wpr-sticky-section-no e-con e-child\" data-id=\"ee8586b\" data-element_type=\"container\">\n\t\t<div class=\"elementor-element elementor-element-662efed e-con-full e-flex wpr-particle-no wpr-jarallax-no wpr-parallax-no wpr-sticky-section-no e-con e-child\" data-id=\"662efed\" data-element_type=\"container\">\n\t\t\t\t<div class=\"elementor-element elementor-element-5ecb1eb elementor-widget elementor-widget-image\" data-id=\"5ecb1eb\" data-element_type=\"widget\" data-widget_type=\"image.default\">\n\t\t\t\t\t\t\t\t\t\t\t\t\t\t\t\t<a href=\"https:\/\/elsa-berthier.fr\/wp-content\/uploads\/2025\/11\/DSC_0573-scaled.jpg\" data-elementor-open-lightbox=\"yes\" data-elementor-lightbox-title=\"Fanfare costum\u00e9e.\" data-e-action-hash=\"#elementor-action%3Aaction%3Dlightbox%26settings%3DeyJpZCI6MzkwLCJ1cmwiOiJodHRwczpcL1wvZWxzYS1iZXJ0aGllci5mclwvd3AtY29udGVudFwvdXBsb2Fkc1wvMjAyNVwvMTFcL0RTQ18wNTczLXNjYWxlZC5qcGcifQ%3D%3D\">\n\t\t\t\t\t\t\t<img loading=\"lazy\" decoding=\"async\" width=\"800\" height=\"532\" src=\"https:\/\/elsa-berthier.fr\/wp-content\/uploads\/2025\/11\/DSC_0573-1024x681.jpg\" class=\"attachment-large size-large wp-image-390\" alt=\"\" srcset=\"https:\/\/elsa-berthier.fr\/wp-content\/uploads\/2025\/11\/DSC_0573-1024x681.jpg 1024w, https:\/\/elsa-berthier.fr\/wp-content\/uploads\/2025\/11\/DSC_0573-300x199.jpg 300w, https:\/\/elsa-berthier.fr\/wp-content\/uploads\/2025\/11\/DSC_0573-768x511.jpg 768w, https:\/\/elsa-berthier.fr\/wp-content\/uploads\/2025\/11\/DSC_0573-1536x1021.jpg 1536w, https:\/\/elsa-berthier.fr\/wp-content\/uploads\/2025\/11\/DSC_0573-2048x1362.jpg 2048w\" sizes=\"(max-width: 800px) 100vw, 800px\" \/>\t\t\t\t\t\t\t\t<\/a>\n\t\t\t\t\t\t\t\t\t\t\t\t\t\t\t<\/div>\n\t\t\t\t<\/div>\n\t\t<div class=\"elementor-element elementor-element-8f3f200 e-con-full e-flex wpr-particle-no wpr-jarallax-no wpr-parallax-no wpr-sticky-section-no e-con e-child\" data-id=\"8f3f200\" data-element_type=\"container\">\n\t\t\t\t<div class=\"elementor-element elementor-element-390ec9f elementor-widget elementor-widget-image\" data-id=\"390ec9f\" data-element_type=\"widget\" data-widget_type=\"image.default\">\n\t\t\t\t\t\t\t\t\t\t\t\t\t\t\t\t<a href=\"https:\/\/elsa-berthier.fr\/wp-content\/uploads\/2025\/11\/DSC_0564-scaled.jpg\" data-elementor-open-lightbox=\"yes\" data-elementor-lightbox-title=\"Fanfare en couleurs.\" data-e-action-hash=\"#elementor-action%3Aaction%3Dlightbox%26settings%3DeyJpZCI6Mzk0LCJ1cmwiOiJodHRwczpcL1wvZWxzYS1iZXJ0aGllci5mclwvd3AtY29udGVudFwvdXBsb2Fkc1wvMjAyNVwvMTFcL0RTQ18wNTY0LXNjYWxlZC5qcGcifQ%3D%3D\">\n\t\t\t\t\t\t\t<img loading=\"lazy\" decoding=\"async\" width=\"800\" height=\"533\" src=\"https:\/\/elsa-berthier.fr\/wp-content\/uploads\/2025\/11\/DSC_0564-1024x682.jpg\" class=\"attachment-large size-large wp-image-394\" alt=\"\" srcset=\"https:\/\/elsa-berthier.fr\/wp-content\/uploads\/2025\/11\/DSC_0564-1024x682.jpg 1024w, https:\/\/elsa-berthier.fr\/wp-content\/uploads\/2025\/11\/DSC_0564-300x200.jpg 300w, https:\/\/elsa-berthier.fr\/wp-content\/uploads\/2025\/11\/DSC_0564-768x511.jpg 768w, https:\/\/elsa-berthier.fr\/wp-content\/uploads\/2025\/11\/DSC_0564-1536x1022.jpg 1536w, https:\/\/elsa-berthier.fr\/wp-content\/uploads\/2025\/11\/DSC_0564-2048x1363.jpg 2048w\" sizes=\"(max-width: 800px) 100vw, 800px\" \/>\t\t\t\t\t\t\t\t<\/a>\n\t\t\t\t\t\t\t\t\t\t\t\t\t\t\t<\/div>\n\t\t\t\t<\/div>\n\t\t\t\t<\/div>\n\t\t\t\t\t<\/div>\n\t\t\t\t<\/div>\n\t\t<div class=\"elementor-element elementor-element-2e40af0 e-flex e-con-boxed wpr-particle-no wpr-jarallax-no wpr-parallax-no wpr-sticky-section-no e-con e-parent\" data-id=\"2e40af0\" data-element_type=\"container\">\n\t\t\t\t\t<div class=\"e-con-inner\">\n\t\t<div class=\"elementor-element elementor-element-d9bc1ee e-con-full e-flex wpr-particle-no wpr-jarallax-no wpr-parallax-no wpr-sticky-section-no e-con e-child\" data-id=\"d9bc1ee\" data-element_type=\"container\">\n\t\t\t\t<div class=\"elementor-element elementor-element-5267a09 elementor-widget elementor-widget-image\" data-id=\"5267a09\" data-element_type=\"widget\" data-widget_type=\"image.default\">\n\t\t\t\t\t\t\t\t\t\t\t\t\t\t\t\t<a href=\"https:\/\/elsa-berthier.fr\/wp-content\/uploads\/2026\/01\/DSC_0896-scaled.jpg\" data-elementor-open-lightbox=\"yes\" data-elementor-lightbox-title=\"Certains caricaturistes n&#039;y vont pas avec le dos de la cuill\u00e8re.\" data-e-action-hash=\"#elementor-action%3Aaction%3Dlightbox%26settings%3DeyJpZCI6MTE2NSwidXJsIjoiaHR0cHM6XC9cL2Vsc2EtYmVydGhpZXIuZnJcL3dwLWNvbnRlbnRcL3VwbG9hZHNcLzIwMjZcLzAxXC9EU0NfMDg5Ni1zY2FsZWQuanBnIn0%3D\">\n\t\t\t\t\t\t\t<img loading=\"lazy\" decoding=\"async\" width=\"681\" height=\"1024\" src=\"https:\/\/elsa-berthier.fr\/wp-content\/uploads\/2026\/01\/DSC_0896-681x1024.jpg\" class=\"attachment-large size-large wp-image-1165\" alt=\"Certains caricaturistes n&#039;y vont pas avec le dos de la cuill\u00e8re.\" srcset=\"https:\/\/elsa-berthier.fr\/wp-content\/uploads\/2026\/01\/DSC_0896-681x1024.jpg 681w, https:\/\/elsa-berthier.fr\/wp-content\/uploads\/2026\/01\/DSC_0896-199x300.jpg 199w, https:\/\/elsa-berthier.fr\/wp-content\/uploads\/2026\/01\/DSC_0896-768x1155.jpg 768w, https:\/\/elsa-berthier.fr\/wp-content\/uploads\/2026\/01\/DSC_0896-1021x1536.jpg 1021w, https:\/\/elsa-berthier.fr\/wp-content\/uploads\/2026\/01\/DSC_0896-1362x2048.jpg 1362w, https:\/\/elsa-berthier.fr\/wp-content\/uploads\/2026\/01\/DSC_0896-scaled.jpg 1702w\" sizes=\"(max-width: 681px) 100vw, 681px\" \/>\t\t\t\t\t\t\t\t<\/a>\n\t\t\t\t\t\t\t\t\t\t\t\t\t\t\t<\/div>\n\t\t\t\t<\/div>\n\t\t<div class=\"elementor-element elementor-element-c36d164 e-con-full e-flex wpr-particle-no wpr-jarallax-no wpr-parallax-no wpr-sticky-section-no e-con e-child\" data-id=\"c36d164\" data-element_type=\"container\">\n\t\t\t\t<div class=\"elementor-element elementor-element-ae8d5f0 elementor-widget elementor-widget-spacer\" data-id=\"ae8d5f0\" data-element_type=\"widget\" data-widget_type=\"spacer.default\">\n\t\t\t\t\t\t\t<div class=\"elementor-spacer\">\n\t\t\t<div class=\"elementor-spacer-inner\"><\/div>\n\t\t<\/div>\n\t\t\t\t\t\t<\/div>\n\t\t\t\t<div class=\"elementor-element elementor-element-83e5b07 elementor-widget elementor-widget-image\" data-id=\"83e5b07\" data-element_type=\"widget\" data-widget_type=\"image.default\">\n\t\t\t\t\t\t\t\t\t\t\t\t\t\t\t\t<a href=\"https:\/\/elsa-berthier.fr\/wp-content\/uploads\/2026\/01\/DSC_0821-scaled.jpg\" data-elementor-open-lightbox=\"yes\" data-elementor-lightbox-title=\"Guy Quatrehomme a re\u00e7u, le 13 d\u00e9cembre 2025, la m\u00e9daille d&#039;honneur de la Croix-Rouge fran\u00e7aise.\" data-e-action-hash=\"#elementor-action%3Aaction%3Dlightbox%26settings%3DeyJpZCI6MTE2NCwidXJsIjoiaHR0cHM6XC9cL2Vsc2EtYmVydGhpZXIuZnJcL3dwLWNvbnRlbnRcL3VwbG9hZHNcLzIwMjZcLzAxXC9EU0NfMDgyMS1zY2FsZWQuanBnIn0%3D\">\n\t\t\t\t\t\t\t<img loading=\"lazy\" decoding=\"async\" width=\"800\" height=\"532\" src=\"https:\/\/elsa-berthier.fr\/wp-content\/uploads\/2026\/01\/DSC_0821-1024x681.jpg\" class=\"attachment-large size-large wp-image-1164\" alt=\"Guy Quatrehomme a re\u00e7u, le 13 d\u00e9cembre 2025, la m\u00e9daille d&#039;honneur de la Croix-Rouge fran\u00e7aise.\" srcset=\"https:\/\/elsa-berthier.fr\/wp-content\/uploads\/2026\/01\/DSC_0821-1024x681.jpg 1024w, https:\/\/elsa-berthier.fr\/wp-content\/uploads\/2026\/01\/DSC_0821-300x199.jpg 300w, https:\/\/elsa-berthier.fr\/wp-content\/uploads\/2026\/01\/DSC_0821-768x511.jpg 768w, https:\/\/elsa-berthier.fr\/wp-content\/uploads\/2026\/01\/DSC_0821-1536x1021.jpg 1536w, https:\/\/elsa-berthier.fr\/wp-content\/uploads\/2026\/01\/DSC_0821-2048x1362.jpg 2048w\" sizes=\"(max-width: 800px) 100vw, 800px\" \/>\t\t\t\t\t\t\t\t<\/a>\n\t\t\t\t\t\t\t\t\t\t\t\t\t\t\t<\/div>\n\t\t\t\t<\/div>\n\t\t\t\t\t<\/div>\n\t\t\t\t<\/div>\n\t\t\t\t<\/div>\n\t\t","protected":false},"excerpt":{"rendered":"<p>Portraits En shooting&#8230; &#8230; ou \u00e0 la vol\u00e9e.<\/p>\n","protected":false},"author":1,"featured_media":0,"parent":0,"menu_order":0,"comment_status":"closed","ping_status":"closed","template":"","meta":{"footnotes":""},"class_list":["post-113","page","type-page","status-publish","hentry"],"_links":{"self":[{"href":"https:\/\/elsa-berthier.fr\/index.php\/wp-json\/wp\/v2\/pages\/113","targetHints":{"allow":["GET"]}}],"collection":[{"href":"https:\/\/elsa-berthier.fr\/index.php\/wp-json\/wp\/v2\/pages"}],"about":[{"href":"https:\/\/elsa-berthier.fr\/index.php\/wp-json\/wp\/v2\/types\/page"}],"author":[{"embeddable":true,"href":"https:\/\/elsa-berthier.fr\/index.php\/wp-json\/wp\/v2\/users\/1"}],"replies":[{"embeddable":true,"href":"https:\/\/elsa-berthier.fr\/index.php\/wp-json\/wp\/v2\/comments?post=113"}],"version-history":[{"count":46,"href":"https:\/\/elsa-berthier.fr\/index.php\/wp-json\/wp\/v2\/pages\/113\/revisions"}],"predecessor-version":[{"id":1172,"href":"https:\/\/elsa-berthier.fr\/index.php\/wp-json\/wp\/v2\/pages\/113\/revisions\/1172"}],"wp:attachment":[{"href":"https:\/\/elsa-berthier.fr\/index.php\/wp-json\/wp\/v2\/media?parent=113"}],"curies":[{"name":"wp","href":"https:\/\/api.w.org\/{rel}","templated":true}]}}