{"id":115,"date":"2025-11-17T16:49:54","date_gmt":"2025-11-17T16:49:54","guid":{"rendered":"https:\/\/elsa-berthier.fr\/?page_id=115"},"modified":"2026-01-12T12:43:00","modified_gmt":"2026-01-12T12:43:00","slug":"voyages","status":"publish","type":"page","link":"https:\/\/elsa-berthier.fr\/index.php\/voyages\/","title":{"rendered":"Envie d&rsquo;ailleurs ?"},"content":{"rendered":"\t\t<div data-elementor-type=\"wp-page\" data-elementor-id=\"115\" class=\"elementor elementor-115\">\n\t\t\t\t<div class=\"elementor-element elementor-element-cc4d907 e-flex e-con-boxed wpr-particle-no wpr-jarallax-no wpr-parallax-no wpr-sticky-section-no e-con e-parent\" data-id=\"cc4d907\" data-element_type=\"container\">\n\t\t\t\t\t<div class=\"e-con-inner\">\n\t\t\t\t<div class=\"elementor-element elementor-element-e190e50 elementor-widget elementor-widget-heading\" data-id=\"e190e50\" data-element_type=\"widget\" data-widget_type=\"heading.default\">\n\t\t\t\t\t<h2 class=\"elementor-heading-title elementor-size-default\">Envie d'ailleurs ?<\/h2>\t\t\t\t<\/div>\n\t\t\t\t\t<\/div>\n\t\t\t\t<\/div>\n\t\t<div class=\"elementor-element elementor-element-70c6f94 e-flex e-con-boxed wpr-particle-no wpr-jarallax-no wpr-parallax-no wpr-sticky-section-no e-con e-parent\" data-id=\"70c6f94\" data-element_type=\"container\">\n\t\t\t\t\t<div class=\"e-con-inner\">\n\t\t\t\t<div class=\"elementor-element elementor-element-03c47f4 elementor-widget__width-inherit elementor-widget elementor-widget-image\" data-id=\"03c47f4\" data-element_type=\"widget\" data-widget_type=\"image.default\">\n\t\t\t\t\t\t\t\t\t\t\t\t\t\t\t\t<a href=\"https:\/\/elsa-berthier.fr\/wp-content\/uploads\/2025\/11\/Roque-de-los-Muchachos-scaled.jpg\" data-elementor-open-lightbox=\"yes\" data-elementor-lightbox-title=\"En haut du Roque de los Muchachos, sur l&#039;\u00eele de La Palma.\" data-e-action-hash=\"#elementor-action%3Aaction%3Dlightbox%26settings%3DeyJpZCI6NDQ2LCJ1cmwiOiJodHRwczpcL1wvZWxzYS1iZXJ0aGllci5mclwvd3AtY29udGVudFwvdXBsb2Fkc1wvMjAyNVwvMTFcL1JvcXVlLWRlLWxvcy1NdWNoYWNob3Mtc2NhbGVkLmpwZyJ9\">\n\t\t\t\t\t\t\t<img fetchpriority=\"high\" decoding=\"async\" width=\"2560\" height=\"1441\" src=\"https:\/\/elsa-berthier.fr\/wp-content\/uploads\/2025\/11\/Roque-de-los-Muchachos-scaled.jpg\" class=\"attachment-full size-full wp-image-446\" alt=\"\" srcset=\"https:\/\/elsa-berthier.fr\/wp-content\/uploads\/2025\/11\/Roque-de-los-Muchachos-scaled.jpg 2560w, https:\/\/elsa-berthier.fr\/wp-content\/uploads\/2025\/11\/Roque-de-los-Muchachos-300x169.jpg 300w, https:\/\/elsa-berthier.fr\/wp-content\/uploads\/2025\/11\/Roque-de-los-Muchachos-1024x576.jpg 1024w, https:\/\/elsa-berthier.fr\/wp-content\/uploads\/2025\/11\/Roque-de-los-Muchachos-768x432.jpg 768w, https:\/\/elsa-berthier.fr\/wp-content\/uploads\/2025\/11\/Roque-de-los-Muchachos-1536x865.jpg 1536w, https:\/\/elsa-berthier.fr\/wp-content\/uploads\/2025\/11\/Roque-de-los-Muchachos-2048x1153.jpg 2048w\" sizes=\"(max-width: 2560px) 100vw, 2560px\" \/>\t\t\t\t\t\t\t\t<\/a>\n\t\t\t\t\t\t\t\t\t\t\t\t\t\t\t<\/div>\n\t\t\t\t<div class=\"elementor-element elementor-element-bbf8448 elementor-widget elementor-widget-text-editor\" data-id=\"bbf8448\" data-element_type=\"widget\" data-widget_type=\"text-editor.default\">\n\t\t\t\t\t\t\t\t\t<p><em>Le Roque de Los Muchachos, sommet de l&rsquo;\u00eele de La Palma, \u00e9merge du brouillard.<\/em><\/p>\t\t\t\t\t\t\t\t<\/div>\n\t\t\t\t\t<\/div>\n\t\t\t\t<\/div>\n\t\t<div class=\"elementor-element elementor-element-7be38f4 e-flex e-con-boxed wpr-particle-no wpr-jarallax-no wpr-parallax-no wpr-sticky-section-no e-con e-parent\" data-id=\"7be38f4\" data-element_type=\"container\">\n\t\t\t\t\t<div class=\"e-con-inner\">\n\t\t<div class=\"elementor-element elementor-element-6d6b1f5 e-con-full e-flex wpr-particle-no wpr-jarallax-no wpr-parallax-no wpr-sticky-section-no e-con e-child\" data-id=\"6d6b1f5\" data-element_type=\"container\">\n\t\t\t\t<div class=\"elementor-element elementor-element-7c884b0 elementor-widget elementor-widget-image\" data-id=\"7c884b0\" data-element_type=\"widget\" data-widget_type=\"image.default\">\n\t\t\t\t\t\t\t\t\t\t\t\t\t\t\t\t<a href=\"https:\/\/elsa-berthier.fr\/wp-content\/uploads\/2025\/11\/IMG_9529-scaled.jpg\" data-elementor-open-lightbox=\"yes\" data-elementor-lightbox-title=\"Escalade dans les hauteurs de Sanary-sur-Mer.\" data-e-action-hash=\"#elementor-action%3Aaction%3Dlightbox%26settings%3DeyJpZCI6NDYwLCJ1cmwiOiJodHRwczpcL1wvZWxzYS1iZXJ0aGllci5mclwvd3AtY29udGVudFwvdXBsb2Fkc1wvMjAyNVwvMTFcL0lNR185NTI5LXNjYWxlZC5qcGcifQ%3D%3D\">\n\t\t\t\t\t\t\t<img decoding=\"async\" width=\"800\" height=\"450\" src=\"https:\/\/elsa-berthier.fr\/wp-content\/uploads\/2025\/11\/IMG_9529-1024x576.jpg\" class=\"attachment-large size-large wp-image-460\" alt=\"\" srcset=\"https:\/\/elsa-berthier.fr\/wp-content\/uploads\/2025\/11\/IMG_9529-1024x576.jpg 1024w, https:\/\/elsa-berthier.fr\/wp-content\/uploads\/2025\/11\/IMG_9529-300x169.jpg 300w, https:\/\/elsa-berthier.fr\/wp-content\/uploads\/2025\/11\/IMG_9529-768x432.jpg 768w, https:\/\/elsa-berthier.fr\/wp-content\/uploads\/2025\/11\/IMG_9529-1536x865.jpg 1536w, https:\/\/elsa-berthier.fr\/wp-content\/uploads\/2025\/11\/IMG_9529-2048x1153.jpg 2048w\" sizes=\"(max-width: 800px) 100vw, 800px\" \/>\t\t\t\t\t\t\t\t<\/a>\n\t\t\t\t\t\t\t\t\t\t\t\t\t\t\t<\/div>\n\t\t\t\t<div class=\"elementor-element elementor-element-6cb688a elementor-widget elementor-widget-text-editor\" data-id=\"6cb688a\" data-element_type=\"widget\" data-widget_type=\"text-editor.default\">\n\t\t\t\t\t\t\t\t\t<p><em>Escalade dans les hauteurs de Sanary-sur-Mer.<\/em><\/p>\t\t\t\t\t\t\t\t<\/div>\n\t\t\t\t<\/div>\n\t\t<div class=\"elementor-element elementor-element-58a1a49 e-con-full e-flex wpr-particle-no wpr-jarallax-no wpr-parallax-no wpr-sticky-section-no e-con e-child\" data-id=\"58a1a49\" data-element_type=\"container\">\n\t\t\t\t<div class=\"elementor-element elementor-element-b62db26 elementor-widget elementor-widget-image\" data-id=\"b62db26\" data-element_type=\"widget\" data-widget_type=\"image.default\">\n\t\t\t\t\t\t\t\t\t\t\t\t\t\t\t\t<a href=\"https:\/\/elsa-berthier.fr\/wp-content\/uploads\/2025\/11\/IMG_2238-scaled.jpg\" data-elementor-open-lightbox=\"yes\" data-elementor-lightbox-title=\"\u00c0 l&#039;horizon, la chaine des Pyr\u00e9n\u00e9es.\" data-e-action-hash=\"#elementor-action%3Aaction%3Dlightbox%26settings%3DeyJpZCI6NDYyLCJ1cmwiOiJodHRwczpcL1wvZWxzYS1iZXJ0aGllci5mclwvd3AtY29udGVudFwvdXBsb2Fkc1wvMjAyNVwvMTFcL0lNR18yMjM4LXNjYWxlZC5qcGcifQ%3D%3D\">\n\t\t\t\t\t\t\t<img decoding=\"async\" width=\"800\" height=\"450\" src=\"https:\/\/elsa-berthier.fr\/wp-content\/uploads\/2025\/11\/IMG_2238-1024x576.jpg\" class=\"attachment-large size-large wp-image-462\" alt=\"\" srcset=\"https:\/\/elsa-berthier.fr\/wp-content\/uploads\/2025\/11\/IMG_2238-1024x576.jpg 1024w, https:\/\/elsa-berthier.fr\/wp-content\/uploads\/2025\/11\/IMG_2238-300x169.jpg 300w, https:\/\/elsa-berthier.fr\/wp-content\/uploads\/2025\/11\/IMG_2238-768x432.jpg 768w, https:\/\/elsa-berthier.fr\/wp-content\/uploads\/2025\/11\/IMG_2238-1536x865.jpg 1536w, https:\/\/elsa-berthier.fr\/wp-content\/uploads\/2025\/11\/IMG_2238-2048x1153.jpg 2048w\" sizes=\"(max-width: 800px) 100vw, 800px\" \/>\t\t\t\t\t\t\t\t<\/a>\n\t\t\t\t\t\t\t\t\t\t\t\t\t\t\t<\/div>\n\t\t\t\t<div class=\"elementor-element elementor-element-8b89207 elementor-widget elementor-widget-text-editor\" data-id=\"8b89207\" data-element_type=\"widget\" data-widget_type=\"text-editor.default\">\n\t\t\t\t\t\t\t\t\t<p><i>\u00c0 l&rsquo;horizon, la chaine des Pyr\u00e9n\u00e9es et ses sommets enneig\u00e9s.<\/i><\/p>\t\t\t\t\t\t\t\t<\/div>\n\t\t\t\t<\/div>\n\t\t\t\t\t<\/div>\n\t\t\t\t<\/div>\n\t\t<div class=\"elementor-element elementor-element-9884eb0 e-flex e-con-boxed wpr-particle-no wpr-jarallax-no wpr-parallax-no wpr-sticky-section-no e-con e-parent\" data-id=\"9884eb0\" data-element_type=\"container\">\n\t\t\t\t\t<div class=\"e-con-inner\">\n\t\t\t\t<div class=\"elementor-element elementor-element-19c0476 elementor-widget elementor-widget-image\" data-id=\"19c0476\" data-element_type=\"widget\" data-widget_type=\"image.default\">\n\t\t\t\t\t\t\t\t\t\t\t\t\t\t\t\t<a href=\"https:\/\/elsa-berthier.fr\/wp-content\/uploads\/2025\/11\/nord-la-palma-edit-1-scaled.jpg\" data-elementor-open-lightbox=\"yes\" data-elementor-lightbox-title=\"Un rayon de soleil illumine le nord de l&#039;\u00eele de La Palma apr\u00e8s une journ\u00e9e nuageuse.\" data-e-action-hash=\"#elementor-action%3Aaction%3Dlightbox%26settings%3DeyJpZCI6MjAxLCJ1cmwiOiJodHRwczpcL1wvZWxzYS1iZXJ0aGllci5mclwvd3AtY29udGVudFwvdXBsb2Fkc1wvMjAyNVwvMTFcL25vcmQtbGEtcGFsbWEtZWRpdC0xLXNjYWxlZC5qcGcifQ%3D%3D\">\n\t\t\t\t\t\t\t<img loading=\"lazy\" decoding=\"async\" width=\"2560\" height=\"1441\" src=\"https:\/\/elsa-berthier.fr\/wp-content\/uploads\/2025\/11\/nord-la-palma-edit-1-scaled.jpg\" class=\"attachment-full size-full wp-image-201\" alt=\"\" srcset=\"https:\/\/elsa-berthier.fr\/wp-content\/uploads\/2025\/11\/nord-la-palma-edit-1-scaled.jpg 2560w, https:\/\/elsa-berthier.fr\/wp-content\/uploads\/2025\/11\/nord-la-palma-edit-1-300x169.jpg 300w, https:\/\/elsa-berthier.fr\/wp-content\/uploads\/2025\/11\/nord-la-palma-edit-1-1024x576.jpg 1024w, https:\/\/elsa-berthier.fr\/wp-content\/uploads\/2025\/11\/nord-la-palma-edit-1-768x432.jpg 768w, https:\/\/elsa-berthier.fr\/wp-content\/uploads\/2025\/11\/nord-la-palma-edit-1-1536x865.jpg 1536w, https:\/\/elsa-berthier.fr\/wp-content\/uploads\/2025\/11\/nord-la-palma-edit-1-2048x1153.jpg 2048w\" sizes=\"(max-width: 2560px) 100vw, 2560px\" \/>\t\t\t\t\t\t\t\t<\/a>\n\t\t\t\t\t\t\t\t\t\t\t\t\t\t\t<\/div>\n\t\t\t\t<div class=\"elementor-element elementor-element-4ee9419 elementor-widget elementor-widget-text-editor\" data-id=\"4ee9419\" data-element_type=\"widget\" data-widget_type=\"text-editor.default\">\n\t\t\t\t\t\t\t\t\t<p><em>Un rayon de soleil illumine le nord de l&rsquo;\u00eele de La Palma apr\u00e8s une journ\u00e9e nuageuse, quelques mois apr\u00e8s l&rsquo;\u00e9ruption de la Cumbre Vieja.<\/em><\/p>\t\t\t\t\t\t\t\t<\/div>\n\t\t\t\t\t<\/div>\n\t\t\t\t<\/div>\n\t\t<div class=\"elementor-element elementor-element-c7f5d11 e-flex e-con-boxed wpr-particle-no wpr-jarallax-no wpr-parallax-no wpr-sticky-section-no e-con e-parent\" data-id=\"c7f5d11\" data-element_type=\"container\">\n\t\t\t\t\t<div class=\"e-con-inner\">\n\t\t<div class=\"elementor-element elementor-element-90ea4e1 e-con-full e-flex wpr-particle-no wpr-jarallax-no wpr-parallax-no wpr-sticky-section-no e-con e-child\" data-id=\"90ea4e1\" data-element_type=\"container\">\n\t\t\t\t<div class=\"elementor-element elementor-element-876784a elementor-widget elementor-widget-image\" data-id=\"876784a\" data-element_type=\"widget\" data-widget_type=\"image.default\">\n\t\t\t\t\t\t\t\t\t\t\t\t\t\t\t\t<a href=\"https:\/\/elsa-berthier.fr\/wp-content\/uploads\/2025\/11\/IMG_9509-scaled.jpg\" data-elementor-open-lightbox=\"yes\" data-elementor-lightbox-title=\"Un bateau \u00e0 moteur fend la M\u00e9diterrann\u00e9e.\" data-e-action-hash=\"#elementor-action%3Aaction%3Dlightbox%26settings%3DeyJpZCI6MTc1LCJ1cmwiOiJodHRwczpcL1wvZWxzYS1iZXJ0aGllci5mclwvd3AtY29udGVudFwvdXBsb2Fkc1wvMjAyNVwvMTFcL0lNR185NTA5LXNjYWxlZC5qcGcifQ%3D%3D\">\n\t\t\t\t\t\t\t<img loading=\"lazy\" decoding=\"async\" width=\"800\" height=\"450\" src=\"https:\/\/elsa-berthier.fr\/wp-content\/uploads\/2025\/11\/IMG_9509-1024x576.jpg\" class=\"attachment-large size-large wp-image-175\" alt=\"\" srcset=\"https:\/\/elsa-berthier.fr\/wp-content\/uploads\/2025\/11\/IMG_9509-1024x576.jpg 1024w, https:\/\/elsa-berthier.fr\/wp-content\/uploads\/2025\/11\/IMG_9509-300x169.jpg 300w, https:\/\/elsa-berthier.fr\/wp-content\/uploads\/2025\/11\/IMG_9509-768x432.jpg 768w, https:\/\/elsa-berthier.fr\/wp-content\/uploads\/2025\/11\/IMG_9509-1536x865.jpg 1536w, https:\/\/elsa-berthier.fr\/wp-content\/uploads\/2025\/11\/IMG_9509-2048x1153.jpg 2048w\" sizes=\"(max-width: 800px) 100vw, 800px\" \/>\t\t\t\t\t\t\t\t<\/a>\n\t\t\t\t\t\t\t\t\t\t\t\t\t\t\t<\/div>\n\t\t\t\t<\/div>\n\t\t<div class=\"elementor-element elementor-element-cae2fd3 e-con-full e-flex wpr-particle-no wpr-jarallax-no wpr-parallax-no wpr-sticky-section-no e-con e-child\" data-id=\"cae2fd3\" data-element_type=\"container\">\n\t\t\t\t<div class=\"elementor-element elementor-element-1c8fe6f elementor-widget elementor-widget-image\" data-id=\"1c8fe6f\" data-element_type=\"widget\" data-widget_type=\"image.default\">\n\t\t\t\t\t\t\t\t\t\t\t\t\t\t\t\t<a href=\"https:\/\/elsa-berthier.fr\/wp-content\/uploads\/2025\/11\/DSC_0119-scaled.jpg\" data-elementor-open-lightbox=\"yes\" data-elementor-lightbox-title=\"Pour la f\u00eate nationale, un feu d&#039;artifice d\u00e9chire le ciel.\" data-e-action-hash=\"#elementor-action%3Aaction%3Dlightbox%26settings%3DeyJpZCI6NDg3LCJ1cmwiOiJodHRwczpcL1wvZWxzYS1iZXJ0aGllci5mclwvd3AtY29udGVudFwvdXBsb2Fkc1wvMjAyNVwvMTFcL0RTQ18wMTE5LXNjYWxlZC5qcGcifQ%3D%3D\">\n\t\t\t\t\t\t\t<img decoding=\"async\" src=\"https:\/\/elsa-berthier.fr\/wp-content\/uploads\/elementor\/thumbs\/DSC_0119-scaled-reux94nnqppkn78wzisanvl3sdr48jddthr9kufu6y.jpg\" title=\"Pour la f\u00eate nationale, un feu d&rsquo;artifice d\u00e9chire le ciel.\" alt=\"Pour la f\u00eate nationale, un feu d&#039;artifice d\u00e9chire le ciel.\" loading=\"lazy\" \/>\t\t\t\t\t\t\t\t<\/a>\n\t\t\t\t\t\t\t\t\t\t\t\t\t\t\t<\/div>\n\t\t\t\t<\/div>\n\t\t<div class=\"elementor-element elementor-element-ec30a16 e-con-full e-flex wpr-particle-no wpr-jarallax-no wpr-parallax-no wpr-sticky-section-no e-con e-child\" data-id=\"ec30a16\" data-element_type=\"container\">\n\t\t\t\t<div class=\"elementor-element elementor-element-d28d79f elementor-widget elementor-widget-image\" data-id=\"d28d79f\" data-element_type=\"widget\" data-widget_type=\"image.default\">\n\t\t\t\t\t\t\t\t\t\t\t\t\t\t\t\t<a href=\"https:\/\/elsa-berthier.fr\/wp-content\/uploads\/2025\/11\/IMG_9421-scaled.jpg\" data-elementor-open-lightbox=\"yes\" data-elementor-lightbox-title=\"La lune est coquette dans les soirs d&#039;\u00e9t\u00e9.\" data-e-action-hash=\"#elementor-action%3Aaction%3Dlightbox%26settings%3DeyJpZCI6NDg1LCJ1cmwiOiJodHRwczpcL1wvZWxzYS1iZXJ0aGllci5mclwvd3AtY29udGVudFwvdXBsb2Fkc1wvMjAyNVwvMTFcL0lNR185NDIxLXNjYWxlZC5qcGcifQ%3D%3D\">\n\t\t\t\t\t\t\t<img loading=\"lazy\" decoding=\"async\" width=\"800\" height=\"450\" src=\"https:\/\/elsa-berthier.fr\/wp-content\/uploads\/2025\/11\/IMG_9421-1024x576.jpg\" class=\"attachment-large size-large wp-image-485\" alt=\"\" srcset=\"https:\/\/elsa-berthier.fr\/wp-content\/uploads\/2025\/11\/IMG_9421-1024x576.jpg 1024w, https:\/\/elsa-berthier.fr\/wp-content\/uploads\/2025\/11\/IMG_9421-300x169.jpg 300w, https:\/\/elsa-berthier.fr\/wp-content\/uploads\/2025\/11\/IMG_9421-768x432.jpg 768w, https:\/\/elsa-berthier.fr\/wp-content\/uploads\/2025\/11\/IMG_9421-1536x865.jpg 1536w, https:\/\/elsa-berthier.fr\/wp-content\/uploads\/2025\/11\/IMG_9421-2048x1153.jpg 2048w\" sizes=\"(max-width: 800px) 100vw, 800px\" \/>\t\t\t\t\t\t\t\t<\/a>\n\t\t\t\t\t\t\t\t\t\t\t\t\t\t\t<\/div>\n\t\t\t\t<\/div>\n\t\t<div class=\"elementor-element elementor-element-7681aca e-con-full e-flex wpr-particle-no wpr-jarallax-no wpr-parallax-no wpr-sticky-section-no e-con e-child\" data-id=\"7681aca\" data-element_type=\"container\">\n\t\t\t\t<\/div>\n\t\t<div class=\"elementor-element elementor-element-40e14bb e-con-full e-flex wpr-particle-no wpr-jarallax-no wpr-parallax-no wpr-sticky-section-no e-con e-child\" data-id=\"40e14bb\" data-element_type=\"container\">\n\t\t\t\t<\/div>\n\t\t<div class=\"elementor-element elementor-element-5301b0c e-con-full e-flex wpr-particle-no wpr-jarallax-no wpr-parallax-no wpr-sticky-section-no e-con e-child\" data-id=\"5301b0c\" data-element_type=\"container\">\n\t\t\t\t<\/div>\n\t\t\t\t\t<\/div>\n\t\t\t\t<\/div>\n\t\t<div class=\"elementor-element elementor-element-960c6f0 e-flex e-con-boxed wpr-particle-no wpr-jarallax-no wpr-parallax-no wpr-sticky-section-no e-con e-parent\" data-id=\"960c6f0\" data-element_type=\"container\">\n\t\t\t\t\t<div class=\"e-con-inner\">\n\t\t\t\t<div class=\"elementor-element elementor-element-9b0dbc0 elementor-widget elementor-widget-image\" data-id=\"9b0dbc0\" data-element_type=\"widget\" data-widget_type=\"image.default\">\n\t\t\t\t\t\t\t\t\t\t\t\t\t\t\t\t<a href=\"https:\/\/elsa-berthier.fr\/wp-content\/uploads\/2025\/11\/IMG_8249-scaled.jpg\" data-elementor-open-lightbox=\"yes\" data-elementor-lightbox-title=\"Au parc Nigloland, les visiteurs fr\u00f4lent (presque) les avions.\" data-e-action-hash=\"#elementor-action%3Aaction%3Dlightbox%26settings%3DeyJpZCI6NDY3LCJ1cmwiOiJodHRwczpcL1wvZWxzYS1iZXJ0aGllci5mclwvd3AtY29udGVudFwvdXBsb2Fkc1wvMjAyNVwvMTFcL0lNR184MjQ5LXNjYWxlZC5qcGcifQ%3D%3D\">\n\t\t\t\t\t\t\t<img loading=\"lazy\" decoding=\"async\" width=\"2560\" height=\"1441\" src=\"https:\/\/elsa-berthier.fr\/wp-content\/uploads\/2025\/11\/IMG_8249-scaled.jpg\" class=\"attachment-full size-full wp-image-467\" alt=\"\" srcset=\"https:\/\/elsa-berthier.fr\/wp-content\/uploads\/2025\/11\/IMG_8249-scaled.jpg 2560w, https:\/\/elsa-berthier.fr\/wp-content\/uploads\/2025\/11\/IMG_8249-300x169.jpg 300w, https:\/\/elsa-berthier.fr\/wp-content\/uploads\/2025\/11\/IMG_8249-1024x576.jpg 1024w, https:\/\/elsa-berthier.fr\/wp-content\/uploads\/2025\/11\/IMG_8249-768x432.jpg 768w, https:\/\/elsa-berthier.fr\/wp-content\/uploads\/2025\/11\/IMG_8249-1536x865.jpg 1536w, https:\/\/elsa-berthier.fr\/wp-content\/uploads\/2025\/11\/IMG_8249-2048x1153.jpg 2048w\" sizes=\"(max-width: 2560px) 100vw, 2560px\" \/>\t\t\t\t\t\t\t\t<\/a>\n\t\t\t\t\t\t\t\t\t\t\t\t\t\t\t<\/div>\n\t\t\t\t<div class=\"elementor-element elementor-element-1e2a7e9 elementor-widget elementor-widget-text-editor\" data-id=\"1e2a7e9\" data-element_type=\"widget\" data-widget_type=\"text-editor.default\">\n\t\t\t\t\t\t\t\t\t<p>Au parc Nigloland, les visiteurs fr\u00f4lent (presque) les avions.<\/p>\t\t\t\t\t\t\t\t<\/div>\n\t\t\t\t\t<\/div>\n\t\t\t\t<\/div>\n\t\t\t\t<\/div>\n\t\t","protected":false},"excerpt":{"rendered":"<p>Envie d&rsquo;ailleurs ? Le Roque de Los Muchachos, sommet de l&rsquo;\u00eele de La Palma, \u00e9merge du brouillard. Escalade dans les hauteurs de Sanary-sur-Mer. \u00c0 l&rsquo;horizon, la chaine des Pyr\u00e9n\u00e9es et ses sommets enneig\u00e9s. Un rayon de soleil illumine le nord de l&rsquo;\u00eele de La Palma apr\u00e8s une journ\u00e9e nuageuse, quelques mois apr\u00e8s l&rsquo;\u00e9ruption de la Cumbre Vieja. Au parc Nigloland, les visiteurs fr\u00f4lent (presque) les avions.<\/p>\n","protected":false},"author":1,"featured_media":0,"parent":0,"menu_order":0,"comment_status":"closed","ping_status":"closed","template":"elementor_header_footer","meta":{"footnotes":""},"class_list":["post-115","page","type-page","status-publish","hentry"],"_links":{"self":[{"href":"https:\/\/elsa-berthier.fr\/index.php\/wp-json\/wp\/v2\/pages\/115","targetHints":{"allow":["GET"]}}],"collection":[{"href":"https:\/\/elsa-berthier.fr\/index.php\/wp-json\/wp\/v2\/pages"}],"about":[{"href":"https:\/\/elsa-berthier.fr\/index.php\/wp-json\/wp\/v2\/types\/page"}],"author":[{"embeddable":true,"href":"https:\/\/elsa-berthier.fr\/index.php\/wp-json\/wp\/v2\/users\/1"}],"replies":[{"embeddable":true,"href":"https:\/\/elsa-berthier.fr\/index.php\/wp-json\/wp\/v2\/comments?post=115"}],"version-history":[{"count":88,"href":"https:\/\/elsa-berthier.fr\/index.php\/wp-json\/wp\/v2\/pages\/115\/revisions"}],"predecessor-version":[{"id":1088,"href":"https:\/\/elsa-berthier.fr\/index.php\/wp-json\/wp\/v2\/pages\/115\/revisions\/1088"}],"wp:attachment":[{"href":"https:\/\/elsa-berthier.fr\/index.php\/wp-json\/wp\/v2\/media?parent=115"}],"curies":[{"name":"wp","href":"https:\/\/api.w.org\/{rel}","templated":true}]}}