{"id":49,"date":"2025-11-16T21:58:11","date_gmt":"2025-11-16T21:58:11","guid":{"rendered":"https:\/\/dwhexar.cluster121.hosting.ovh.net\/?page_id=49"},"modified":"2026-02-14T10:38:16","modified_gmt":"2026-02-14T10:38:16","slug":"accueil","status":"publish","type":"page","link":"https:\/\/elsa-berthier.fr\/","title":{"rendered":"Accueil"},"content":{"rendered":"\t\t<div data-elementor-type=\"wp-page\" data-elementor-id=\"49\" class=\"elementor elementor-49\">\n\t\t\t\t<div class=\"elementor-element elementor-element-a92e2ee e-flex e-con-boxed wpr-particle-no wpr-jarallax-no wpr-parallax-no wpr-sticky-section-no e-con e-parent\" data-id=\"a92e2ee\" data-element_type=\"container\">\n\t\t\t\t\t<div class=\"e-con-inner\">\n\t\t\t\t<div class=\"elementor-element elementor-element-64dcaa5 elementor-widget elementor-widget-spacer\" data-id=\"64dcaa5\" data-element_type=\"widget\" data-widget_type=\"spacer.default\">\n\t\t\t\t\t\t\t<div class=\"elementor-spacer\">\n\t\t\t<div class=\"elementor-spacer-inner\"><\/div>\n\t\t<\/div>\n\t\t\t\t\t\t<\/div>\n\t\t\t\t\t<\/div>\n\t\t\t\t<\/div>\n\t\t<div class=\"elementor-element elementor-element-84d866e e-flex e-con-boxed wpr-particle-no wpr-jarallax-no wpr-parallax-no wpr-sticky-section-no e-con e-parent\" data-id=\"84d866e\" data-element_type=\"container\">\n\t\t\t\t\t<div class=\"e-con-inner\">\n\t\t\t\t<div class=\"elementor-element elementor-element-9a18907 elementor-widget elementor-widget-spacer\" data-id=\"9a18907\" data-element_type=\"widget\" data-widget_type=\"spacer.default\">\n\t\t\t\t\t\t\t<div class=\"elementor-spacer\">\n\t\t\t<div class=\"elementor-spacer-inner\"><\/div>\n\t\t<\/div>\n\t\t\t\t\t\t<\/div>\n\t\t\t\t\t<\/div>\n\t\t\t\t<\/div>\n\t\t<div class=\"elementor-element elementor-element-0fe8ee1 e-flex e-con-boxed wpr-particle-no wpr-jarallax-no wpr-parallax-no wpr-sticky-section-no e-con e-parent\" data-id=\"0fe8ee1\" data-element_type=\"container\">\n\t\t\t\t\t<div class=\"e-con-inner\">\n\t\t\t\t<div class=\"elementor-element elementor-element-da53f75 elementor-widget elementor-widget-heading\" data-id=\"da53f75\" data-element_type=\"widget\" data-widget_type=\"heading.default\">\n\t\t\t\t\t<h3 class=\"elementor-heading-title elementor-size-default\">ELSA BERTHIER<\/h3>\t\t\t\t<\/div>\n\t\t\t\t<div class=\"elementor-element elementor-element-c0789f7 elementor-widget elementor-widget-heading\" data-id=\"c0789f7\" data-element_type=\"widget\" data-widget_type=\"heading.default\">\n\t\t\t\t\t<h2 class=\"elementor-heading-title elementor-size-default\">PORTFOLIO<\/h2>\t\t\t\t<\/div>\n\t\t\t\t\t<\/div>\n\t\t\t\t<\/div>\n\t\t<div class=\"elementor-element elementor-element-123f0b3 e-con-full e-flex wpr-particle-no wpr-jarallax-no wpr-parallax-no wpr-sticky-section-no e-con e-parent\" data-id=\"123f0b3\" data-element_type=\"container\">\n\t\t\t\t<div class=\"elementor-element elementor-element-885efd9 elementor-widget elementor-widget-image\" data-id=\"885efd9\" data-element_type=\"widget\" data-widget_type=\"image.default\">\n\t\t\t\t\t\t\t\t\t\t\t\t\t\t\t<img decoding=\"async\" src=\"https:\/\/elsa-berthier.fr\/wp-content\/uploads\/elementor\/thumbs\/IMG_0869-scaled-ret4kufrwnmoif8t0qaoaeo3c4kbuv9dmf8zq5wdbk.jpg\" title=\"Roque de los Muchachos, La Palma\" alt=\"Roque de los Muchachos, La Palma\" loading=\"lazy\" \/>\t\t\t\t\t\t\t\t\t\t\t\t\t\t\t<\/div>\n\t\t\t\t<\/div>\n\t\t<div class=\"elementor-element elementor-element-b74a366 e-flex e-con-boxed wpr-particle-no wpr-jarallax-no wpr-parallax-no wpr-sticky-section-no e-con e-parent\" data-id=\"b74a366\" data-element_type=\"container\">\n\t\t\t\t\t<div class=\"e-con-inner\">\n\t\t<div class=\"elementor-element elementor-element-317d6b4 e-con-full e-flex wpr-particle-no wpr-jarallax-no wpr-parallax-no wpr-sticky-section-no e-con e-child\" data-id=\"317d6b4\" data-element_type=\"container\">\n\t\t\t\t<div class=\"elementor-element elementor-element-4cfe7ae elementor-widget elementor-widget-heading\" data-id=\"4cfe7ae\" data-element_type=\"widget\" data-widget_type=\"heading.default\">\n\t\t\t\t\t<h2 class=\"elementor-heading-title elementor-size-default\">\u00c0 propos<\/h2>\t\t\t\t<\/div>\n\t\t\t\t<div class=\"elementor-element elementor-element-8403c07 elementor-widget-divider--separator-type-pattern elementor-widget-divider--no-spacing elementor-widget-divider--view-line elementor-widget elementor-widget-divider\" data-id=\"8403c07\" data-element_type=\"widget\" data-widget_type=\"divider.default\">\n\t\t\t\t\t\t\t<div class=\"elementor-divider\" style=\"--divider-pattern-url: url(&quot;data:image\/svg+xml,%3Csvg xmlns=&#039;http:\/\/www.w3.org\/2000\/svg&#039; preserveAspectRatio=&#039;xMidYMid meet&#039; overflow=&#039;visible&#039; height=&#039;100%&#039; viewBox=&#039;0 0 126 26&#039; fill=&#039;black&#039; stroke=&#039;none&#039;%3E%3Cpath d=&#039;M3,10.2c2.6,0,2.6,2,2.6,3.2S4.4,16.5,3,16.5s-3-1.4-3-3.2S0.4,10.2,3,10.2z M18.8,10.2c1.7,0,3.2,1.4,3.2,3.2s-1.4,3.2-3.2,3.2c-1.7,0-3.2-1.4-3.2-3.2S17,10.2,18.8,10.2z M34.6,10.2c1.5,0,2.6,1.4,2.6,3.2s-0.5,3.2-1.9,3.2c-1.5,0-3.4-1.4-3.4-3.2S33.1,10.2,34.6,10.2z M50.5,10.2c1.7,0,3.2,1.4,3.2,3.2s-1.4,3.2-3.2,3.2c-1.7,0-3.3-0.9-3.3-2.6S48.7,10.2,50.5,10.2z M66.2,10.2c1.5,0,3.4,1.4,3.4,3.2s-1.9,3.2-3.4,3.2c-1.5,0-2.6-0.4-2.6-2.1S64.8,10.2,66.2,10.2z M82.2,10.2c1.7,0.8,2.6,1.4,2.6,3.2s-0.1,3.2-1.6,3.2c-1.5,0-3.7-1.4-3.7-3.2S80.5,9.4,82.2,10.2zM98.6,10.2c1.5,0,2.6,0.4,2.6,2.1s-1.2,4.2-2.6,4.2c-1.5,0-3.7-0.4-3.7-2.1S97.1,10.2,98.6,10.2z M113.4,10.2c1.2,0,2.2,0.9,2.2,3.2s-0.1,3.2-1.3,3.2s-3.1-1.4-3.1-3.2S112.2,10.2,113.4,10.2z&#039;\/%3E%3C\/svg%3E&quot;);\">\n\t\t\t<span class=\"elementor-divider-separator\">\n\t\t\t\t\t\t<\/span>\n\t\t<\/div>\n\t\t\t\t\t\t<\/div>\n\t\t\t\t<div class=\"elementor-element elementor-element-ee3a2b8 elementor-widget elementor-widget-text-editor\" data-id=\"ee3a2b8\" data-element_type=\"widget\" data-widget_type=\"text-editor.default\">\n\t\t\t\t\t\t\t\t\t<p>\u00c9tudiante en master journalisme \u00e0 Dijon, en Bourgogne, je suis passionn\u00e9e de photographie. <br \/>J&rsquo;aime saisir et archiver ce qui m&rsquo;entoure gr\u00e2ce \u00e0 l&rsquo;\u0153il de mon objectif, toujours au croisement<br \/>du beau et de l&rsquo;informatif. Qu&rsquo;elle soit au service de l&rsquo;art ou de v\u00e9rit\u00e9, je suis convaincue <br \/>que la photographie est un t\u00e9moin essentiel de la r\u00e9alit\u00e9. Je ne demande qu&rsquo;\u00e0 aiguiser mon regard <br \/>pour mieux comprendre et faire comprendre ce monde r\u00e9git par le pouvoir de l&rsquo;image.<\/p><p>Sur ce site, vous pouvez retrouver un \u00e9chantillon de mon travail.\u00a0<\/p><p>Un projet, une envie ou une question ? N&rsquo;h\u00e9sitez pas \u00e0 m&rsquo;en faire part <em>via<\/em> l&rsquo;onglet contact.<\/p>\t\t\t\t\t\t\t\t<\/div>\n\t\t\t\t<\/div>\n\t\t<div class=\"elementor-element elementor-element-ada5905 e-con-full e-flex wpr-particle-no wpr-jarallax-no wpr-parallax-no wpr-sticky-section-no e-con e-child\" data-id=\"ada5905\" data-element_type=\"container\">\n\t\t\t\t<div class=\"elementor-element elementor-element-aed5142 elementor-widget__width-initial elementor-widget elementor-widget-image\" data-id=\"aed5142\" data-element_type=\"widget\" data-widget_type=\"image.default\">\n\t\t\t\t\t\t\t\t\t\t\t\t\t\t\t<img fetchpriority=\"high\" decoding=\"async\" width=\"527\" height=\"558\" src=\"https:\/\/elsa-berthier.fr\/wp-content\/uploads\/2025\/11\/photo-a-propos-ressere.jpg\" class=\"attachment-medium_large size-medium_large wp-image-501\" alt=\"\" srcset=\"https:\/\/elsa-berthier.fr\/wp-content\/uploads\/2025\/11\/photo-a-propos-ressere.jpg 527w, https:\/\/elsa-berthier.fr\/wp-content\/uploads\/2025\/11\/photo-a-propos-ressere-283x300.jpg 283w\" sizes=\"(max-width: 527px) 100vw, 527px\" \/>\t\t\t\t\t\t\t\t\t\t\t\t\t\t\t<\/div>\n\t\t\t\t<\/div>\n\t\t\t\t\t<\/div>\n\t\t\t\t<\/div>\n\t\t<div class=\"elementor-element elementor-element-926b285 e-flex e-con-boxed wpr-particle-no wpr-jarallax-no wpr-parallax-no wpr-sticky-section-no e-con e-parent\" data-id=\"926b285\" data-element_type=\"container\">\n\t\t\t\t\t<div class=\"e-con-inner\">\n\t\t\t\t<div class=\"elementor-element elementor-element-149449f elementor-widget elementor-widget-heading\" data-id=\"149449f\" data-element_type=\"widget\" data-widget_type=\"heading.default\">\n\t\t\t\t\t<h2 class=\"elementor-heading-title elementor-size-default\">Explorer<\/h2>\t\t\t\t<\/div>\n\t\t\t\t\t<\/div>\n\t\t\t\t<\/div>\n\t\t<div class=\"elementor-element elementor-element-c708e90 e-flex e-con-boxed wpr-particle-no wpr-jarallax-no wpr-parallax-no wpr-sticky-section-no e-con e-parent\" data-id=\"c708e90\" data-element_type=\"container\">\n\t\t\t\t\t<div class=\"e-con-inner\">\n\t\t<div class=\"elementor-element elementor-element-f8571d5 e-con-full e-flex wpr-particle-no wpr-jarallax-no wpr-parallax-no wpr-sticky-section-no e-con e-child\" data-id=\"f8571d5\" data-element_type=\"container\">\n\t\t\t\t<div class=\"elementor-element elementor-element-ed88b57 elementor-widget elementor-widget-image\" data-id=\"ed88b57\" data-element_type=\"widget\" data-widget_type=\"image.default\">\n\t\t\t\t\t\t\t\t\t\t\t\t\t\t\t\t<a href=\"https:\/\/elsa-berthier.fr\/index.php\/reportages\/\">\n\t\t\t\t\t\t\t<img decoding=\"async\" width=\"800\" height=\"532\" src=\"https:\/\/elsa-berthier.fr\/wp-content\/uploads\/2025\/11\/DSC_0490_1-1024x681.jpg\" class=\"elementor-animation-grow attachment-large size-large wp-image-174\" alt=\"\" srcset=\"https:\/\/elsa-berthier.fr\/wp-content\/uploads\/2025\/11\/DSC_0490_1-1024x681.jpg 1024w, https:\/\/elsa-berthier.fr\/wp-content\/uploads\/2025\/11\/DSC_0490_1-300x199.jpg 300w, https:\/\/elsa-berthier.fr\/wp-content\/uploads\/2025\/11\/DSC_0490_1-768x511.jpg 768w, https:\/\/elsa-berthier.fr\/wp-content\/uploads\/2025\/11\/DSC_0490_1-1536x1021.jpg 1536w, https:\/\/elsa-berthier.fr\/wp-content\/uploads\/2025\/11\/DSC_0490_1-2048x1362.jpg 2048w\" sizes=\"(max-width: 800px) 100vw, 800px\" \/>\t\t\t\t\t\t\t\t<\/a>\n\t\t\t\t\t\t\t\t\t\t\t\t\t\t\t<\/div>\n\t\t\t\t<\/div>\n\t\t<div class=\"elementor-element elementor-element-70a7b69 e-con-full e-flex wpr-particle-no wpr-jarallax-no wpr-parallax-no wpr-sticky-section-no e-con e-child\" data-id=\"70a7b69\" data-element_type=\"container\">\n\t\t\t\t<div class=\"elementor-element elementor-element-b271b2c elementor-widget elementor-widget-heading\" data-id=\"b271b2c\" data-element_type=\"widget\" data-widget_type=\"heading.default\">\n\t\t\t\t\t<h2 class=\"elementor-heading-title elementor-size-default\"><a href=\"https:\/\/elsa-berthier.fr\/index.php\/dans-la-rue\/\">Reportages<\/a><\/h2>\t\t\t\t<\/div>\n\t\t\t\t<div class=\"elementor-element elementor-element-64e44ab elementor-widget-divider--separator-type-pattern elementor-widget-divider--no-spacing elementor-widget-divider--view-line elementor-widget elementor-widget-divider\" data-id=\"64e44ab\" data-element_type=\"widget\" data-widget_type=\"divider.default\">\n\t\t\t\t\t\t\t<div class=\"elementor-divider\" style=\"--divider-pattern-url: url(&quot;data:image\/svg+xml,%3Csvg xmlns=&#039;http:\/\/www.w3.org\/2000\/svg&#039; preserveAspectRatio=&#039;xMidYMid meet&#039; overflow=&#039;visible&#039; height=&#039;100%&#039; viewBox=&#039;0 0 126 26&#039; fill=&#039;black&#039; stroke=&#039;none&#039;%3E%3Cpath d=&#039;M3,10.2c2.6,0,2.6,2,2.6,3.2S4.4,16.5,3,16.5s-3-1.4-3-3.2S0.4,10.2,3,10.2z M18.8,10.2c1.7,0,3.2,1.4,3.2,3.2s-1.4,3.2-3.2,3.2c-1.7,0-3.2-1.4-3.2-3.2S17,10.2,18.8,10.2z M34.6,10.2c1.5,0,2.6,1.4,2.6,3.2s-0.5,3.2-1.9,3.2c-1.5,0-3.4-1.4-3.4-3.2S33.1,10.2,34.6,10.2z M50.5,10.2c1.7,0,3.2,1.4,3.2,3.2s-1.4,3.2-3.2,3.2c-1.7,0-3.3-0.9-3.3-2.6S48.7,10.2,50.5,10.2z M66.2,10.2c1.5,0,3.4,1.4,3.4,3.2s-1.9,3.2-3.4,3.2c-1.5,0-2.6-0.4-2.6-2.1S64.8,10.2,66.2,10.2z M82.2,10.2c1.7,0.8,2.6,1.4,2.6,3.2s-0.1,3.2-1.6,3.2c-1.5,0-3.7-1.4-3.7-3.2S80.5,9.4,82.2,10.2zM98.6,10.2c1.5,0,2.6,0.4,2.6,2.1s-1.2,4.2-2.6,4.2c-1.5,0-3.7-0.4-3.7-2.1S97.1,10.2,98.6,10.2z M113.4,10.2c1.2,0,2.2,0.9,2.2,3.2s-0.1,3.2-1.3,3.2s-3.1-1.4-3.1-3.2S112.2,10.2,113.4,10.2z&#039;\/%3E%3C\/svg%3E&quot;);\">\n\t\t\t<span class=\"elementor-divider-separator\">\n\t\t\t\t\t\t<\/span>\n\t\t<\/div>\n\t\t\t\t\t\t<\/div>\n\t\t\t\t<div class=\"elementor-element elementor-element-52b34b2 elementor-widget elementor-widget-text-editor\" data-id=\"52b34b2\" data-element_type=\"widget\" data-widget_type=\"text-editor.default\">\n\t\t\t\t\t\t\t\t\t<p>D\u00e9couvrez quelques uns <br \/>de mes reportages photo.<\/p>\t\t\t\t\t\t\t\t<\/div>\n\t\t\t\t<\/div>\n\t\t\t\t\t<\/div>\n\t\t\t\t<\/div>\n\t\t<div class=\"elementor-element elementor-element-b848c28 e-flex e-con-boxed wpr-particle-no wpr-jarallax-no wpr-parallax-no wpr-sticky-section-no e-con e-parent\" data-id=\"b848c28\" data-element_type=\"container\">\n\t\t\t\t\t<div class=\"e-con-inner\">\n\t\t<div class=\"elementor-element elementor-element-d7a0586 e-con-full e-flex wpr-particle-no wpr-jarallax-no wpr-parallax-no wpr-sticky-section-no e-con e-child\" data-id=\"d7a0586\" data-element_type=\"container\">\n\t\t\t\t<div class=\"elementor-element elementor-element-a860552 elementor-widget elementor-widget-heading\" data-id=\"a860552\" data-element_type=\"widget\" data-widget_type=\"heading.default\">\n\t\t\t\t\t<h2 class=\"elementor-heading-title elementor-size-default\"><a href=\"https:\/\/elsa-berthier.fr\/index.php\/portraits\/\">Portraits<\/a><\/h2>\t\t\t\t<\/div>\n\t\t\t\t<div class=\"elementor-element elementor-element-ad49f15 elementor-widget-divider--separator-type-pattern elementor-widget-divider--no-spacing elementor-widget-divider--view-line elementor-widget elementor-widget-divider\" data-id=\"ad49f15\" data-element_type=\"widget\" data-widget_type=\"divider.default\">\n\t\t\t\t\t\t\t<div class=\"elementor-divider\" style=\"--divider-pattern-url: url(&quot;data:image\/svg+xml,%3Csvg xmlns=&#039;http:\/\/www.w3.org\/2000\/svg&#039; preserveAspectRatio=&#039;xMidYMid meet&#039; overflow=&#039;visible&#039; height=&#039;100%&#039; viewBox=&#039;0 0 126 26&#039; fill=&#039;black&#039; stroke=&#039;none&#039;%3E%3Cpath d=&#039;M3,10.2c2.6,0,2.6,2,2.6,3.2S4.4,16.5,3,16.5s-3-1.4-3-3.2S0.4,10.2,3,10.2z M18.8,10.2c1.7,0,3.2,1.4,3.2,3.2s-1.4,3.2-3.2,3.2c-1.7,0-3.2-1.4-3.2-3.2S17,10.2,18.8,10.2z M34.6,10.2c1.5,0,2.6,1.4,2.6,3.2s-0.5,3.2-1.9,3.2c-1.5,0-3.4-1.4-3.4-3.2S33.1,10.2,34.6,10.2z M50.5,10.2c1.7,0,3.2,1.4,3.2,3.2s-1.4,3.2-3.2,3.2c-1.7,0-3.3-0.9-3.3-2.6S48.7,10.2,50.5,10.2z M66.2,10.2c1.5,0,3.4,1.4,3.4,3.2s-1.9,3.2-3.4,3.2c-1.5,0-2.6-0.4-2.6-2.1S64.8,10.2,66.2,10.2z M82.2,10.2c1.7,0.8,2.6,1.4,2.6,3.2s-0.1,3.2-1.6,3.2c-1.5,0-3.7-1.4-3.7-3.2S80.5,9.4,82.2,10.2zM98.6,10.2c1.5,0,2.6,0.4,2.6,2.1s-1.2,4.2-2.6,4.2c-1.5,0-3.7-0.4-3.7-2.1S97.1,10.2,98.6,10.2z M113.4,10.2c1.2,0,2.2,0.9,2.2,3.2s-0.1,3.2-1.3,3.2s-3.1-1.4-3.1-3.2S112.2,10.2,113.4,10.2z&#039;\/%3E%3C\/svg%3E&quot;);\">\n\t\t\t<span class=\"elementor-divider-separator\">\n\t\t\t\t\t\t<\/span>\n\t\t<\/div>\n\t\t\t\t\t\t<\/div>\n\t\t\t\t<div class=\"elementor-element elementor-element-d20d58f elementor-widget__width-initial elementor-widget elementor-widget-text-editor\" data-id=\"d20d58f\" data-element_type=\"widget\" data-widget_type=\"text-editor.default\">\n\t\t\t\t\t\t\t\t\t<p>Saviez-vous qu&rsquo;une zone du cerveau <br \/>est uniquement d\u00e9di\u00e9e \u00e0 la reconnaissance des visages ? Alors autant lui donner <br \/>\u00e0 voir un joli portrait.<\/p>\t\t\t\t\t\t\t\t<\/div>\n\t\t\t\t<\/div>\n\t\t<div class=\"elementor-element elementor-element-91925df e-con-full e-flex wpr-particle-no wpr-jarallax-no wpr-parallax-no wpr-sticky-section-no e-con e-child\" data-id=\"91925df\" data-element_type=\"container\">\n\t\t\t\t<div class=\"elementor-element elementor-element-b46af97 elementor-widget elementor-widget-image\" data-id=\"b46af97\" data-element_type=\"widget\" data-widget_type=\"image.default\">\n\t\t\t\t\t\t\t\t\t\t\t\t\t\t\t\t<a href=\"https:\/\/elsa-berthier.fr\/index.php\/portraits\/\">\n\t\t\t\t\t\t\t<img decoding=\"async\" width=\"800\" height=\"532\" src=\"https:\/\/elsa-berthier.fr\/wp-content\/uploads\/2025\/11\/DSC8301-1024x681.jpg\" class=\"elementor-animation-grow attachment-large size-large wp-image-406\" alt=\"\" srcset=\"https:\/\/elsa-berthier.fr\/wp-content\/uploads\/2025\/11\/DSC8301-1024x681.jpg 1024w, https:\/\/elsa-berthier.fr\/wp-content\/uploads\/2025\/11\/DSC8301-300x200.jpg 300w, https:\/\/elsa-berthier.fr\/wp-content\/uploads\/2025\/11\/DSC8301-768x511.jpg 768w, https:\/\/elsa-berthier.fr\/wp-content\/uploads\/2025\/11\/DSC8301-1536x1022.jpg 1536w, https:\/\/elsa-berthier.fr\/wp-content\/uploads\/2025\/11\/DSC8301-2048x1363.jpg 2048w\" sizes=\"(max-width: 800px) 100vw, 800px\" \/>\t\t\t\t\t\t\t\t<\/a>\n\t\t\t\t\t\t\t\t\t\t\t\t\t\t\t<\/div>\n\t\t\t\t<\/div>\n\t\t\t\t\t<\/div>\n\t\t\t\t<\/div>\n\t\t<div class=\"elementor-element elementor-element-3e01874 e-flex e-con-boxed wpr-particle-no wpr-jarallax-no wpr-parallax-no wpr-sticky-section-no e-con e-parent\" data-id=\"3e01874\" data-element_type=\"container\">\n\t\t\t\t\t<div class=\"e-con-inner\">\n\t\t<div class=\"elementor-element elementor-element-af84f87 e-con-full e-flex wpr-particle-no wpr-jarallax-no wpr-parallax-no wpr-sticky-section-no e-con e-child\" data-id=\"af84f87\" data-element_type=\"container\">\n\t\t\t\t<div class=\"elementor-element elementor-element-75b1d14 elementor-widget elementor-widget-image\" data-id=\"75b1d14\" data-element_type=\"widget\" data-widget_type=\"image.default\">\n\t\t\t\t\t\t\t\t\t\t\t\t\t\t\t\t<a href=\"https:\/\/elsa-berthier.fr\/index.php\/voyages\/\">\n\t\t\t\t\t\t\t<img loading=\"lazy\" decoding=\"async\" width=\"800\" height=\"450\" src=\"https:\/\/elsa-berthier.fr\/wp-content\/uploads\/2025\/11\/IMG_2206-1024x576.jpg\" class=\"elementor-animation-grow attachment-large size-large wp-image-79\" alt=\"\" srcset=\"https:\/\/elsa-berthier.fr\/wp-content\/uploads\/2025\/11\/IMG_2206-1024x576.jpg 1024w, https:\/\/elsa-berthier.fr\/wp-content\/uploads\/2025\/11\/IMG_2206-300x169.jpg 300w, https:\/\/elsa-berthier.fr\/wp-content\/uploads\/2025\/11\/IMG_2206-768x432.jpg 768w, https:\/\/elsa-berthier.fr\/wp-content\/uploads\/2025\/11\/IMG_2206-1536x865.jpg 1536w, https:\/\/elsa-berthier.fr\/wp-content\/uploads\/2025\/11\/IMG_2206-2048x1153.jpg 2048w\" sizes=\"(max-width: 800px) 100vw, 800px\" \/>\t\t\t\t\t\t\t\t<\/a>\n\t\t\t\t\t\t\t\t\t\t\t\t\t\t\t<\/div>\n\t\t\t\t<\/div>\n\t\t<div class=\"elementor-element elementor-element-5d29b5b e-con-full e-flex wpr-particle-no wpr-jarallax-no wpr-parallax-no wpr-sticky-section-no e-con e-child\" data-id=\"5d29b5b\" data-element_type=\"container\">\n\t\t\t\t<div class=\"elementor-element elementor-element-533c3aa elementor-widget__width-initial elementor-widget elementor-widget-heading\" data-id=\"533c3aa\" data-element_type=\"widget\" data-widget_type=\"heading.default\">\n\t\t\t\t\t<h2 class=\"elementor-heading-title elementor-size-default\"><a href=\"https:\/\/elsa-berthier.fr\/index.php\/voyages\/\">Envie\nd'ailleurs ?<\/a><\/h2>\t\t\t\t<\/div>\n\t\t\t\t<div class=\"elementor-element elementor-element-9411f7f elementor-widget-divider--separator-type-pattern elementor-widget-divider--no-spacing elementor-widget-divider--view-line elementor-widget elementor-widget-divider\" data-id=\"9411f7f\" data-element_type=\"widget\" data-widget_type=\"divider.default\">\n\t\t\t\t\t\t\t<div class=\"elementor-divider\" style=\"--divider-pattern-url: url(&quot;data:image\/svg+xml,%3Csvg xmlns=&#039;http:\/\/www.w3.org\/2000\/svg&#039; preserveAspectRatio=&#039;xMidYMid meet&#039; overflow=&#039;visible&#039; height=&#039;100%&#039; viewBox=&#039;0 0 126 26&#039; fill=&#039;black&#039; stroke=&#039;none&#039;%3E%3Cpath d=&#039;M3,10.2c2.6,0,2.6,2,2.6,3.2S4.4,16.5,3,16.5s-3-1.4-3-3.2S0.4,10.2,3,10.2z M18.8,10.2c1.7,0,3.2,1.4,3.2,3.2s-1.4,3.2-3.2,3.2c-1.7,0-3.2-1.4-3.2-3.2S17,10.2,18.8,10.2z M34.6,10.2c1.5,0,2.6,1.4,2.6,3.2s-0.5,3.2-1.9,3.2c-1.5,0-3.4-1.4-3.4-3.2S33.1,10.2,34.6,10.2z M50.5,10.2c1.7,0,3.2,1.4,3.2,3.2s-1.4,3.2-3.2,3.2c-1.7,0-3.3-0.9-3.3-2.6S48.7,10.2,50.5,10.2z M66.2,10.2c1.5,0,3.4,1.4,3.4,3.2s-1.9,3.2-3.4,3.2c-1.5,0-2.6-0.4-2.6-2.1S64.8,10.2,66.2,10.2z M82.2,10.2c1.7,0.8,2.6,1.4,2.6,3.2s-0.1,3.2-1.6,3.2c-1.5,0-3.7-1.4-3.7-3.2S80.5,9.4,82.2,10.2zM98.6,10.2c1.5,0,2.6,0.4,2.6,2.1s-1.2,4.2-2.6,4.2c-1.5,0-3.7-0.4-3.7-2.1S97.1,10.2,98.6,10.2z M113.4,10.2c1.2,0,2.2,0.9,2.2,3.2s-0.1,3.2-1.3,3.2s-3.1-1.4-3.1-3.2S112.2,10.2,113.4,10.2z&#039;\/%3E%3C\/svg%3E&quot;);\">\n\t\t\t<span class=\"elementor-divider-separator\">\n\t\t\t\t\t\t<\/span>\n\t\t<\/div>\n\t\t\t\t\t\t<\/div>\n\t\t\t\t<div class=\"elementor-element elementor-element-b4423b5 elementor-widget elementor-widget-text-editor\" data-id=\"b4423b5\" data-element_type=\"widget\" data-widget_type=\"text-editor.default\">\n\t\t\t\t\t\t\t\t\t<p>Une photo, c&rsquo;est parfois l&rsquo;occasion de montrer une r\u00e9alit\u00e9 loin de la sienne. Pourquoi ne pas en profiter pour voyager un peu ?<\/p>\t\t\t\t\t\t\t\t<\/div>\n\t\t\t\t<\/div>\n\t\t\t\t\t<\/div>\n\t\t\t\t<\/div>\n\t\t<div class=\"elementor-element elementor-element-56146c4 e-flex e-con-boxed wpr-particle-no wpr-jarallax-no wpr-parallax-no wpr-sticky-section-no e-con e-parent\" data-id=\"56146c4\" data-element_type=\"container\">\n\t\t\t\t\t<div class=\"e-con-inner\">\n\t\t\t\t<div class=\"elementor-element elementor-element-d95726a elementor-widget elementor-widget-spacer\" data-id=\"d95726a\" data-element_type=\"widget\" data-widget_type=\"spacer.default\">\n\t\t\t\t\t\t\t<div class=\"elementor-spacer\">\n\t\t\t<div class=\"elementor-spacer-inner\"><\/div>\n\t\t<\/div>\n\t\t\t\t\t\t<\/div>\n\t\t\t\t<div class=\"elementor-element elementor-element-a13b91a elementor-widget elementor-widget-text-editor\" data-id=\"a13b91a\" data-element_type=\"widget\" data-widget_type=\"text-editor.default\">\n\t\t\t\t\t\t\t\t\t<p>Et en dehors de ces cat\u00e9gories ?<br \/>Cliquez sur le bouton ci-dessous pour d\u00e9couvrir une photo al\u00e9atoire non r\u00e9pertori\u00e9e sur le site.<\/p>\t\t\t\t\t\t\t\t<\/div>\n\t\t\t\t<div class=\"elementor-element elementor-element-c7d1f19 elementor-widget elementor-widget-hfe-basic-posts\" data-id=\"c7d1f19\" data-element_type=\"widget\" data-widget_type=\"hfe-basic-posts.default\">\n\t\t\t\t<div class=\"elementor-widget-container\">\n\t\t\t\t\t\n<div class=\"hfe-posts-grid\">\n\t\t\t<article class=\"hfe-post-card\">\n\t\t\t\n\t\t\t<div class=\"hfe-post-content\">\n\t\t\t\t\t\t\t\t\t<h3 class=\"hfe-post-title\">\n\t\t\t\t\t\t<a href=\"https:\/\/elsa-berthier.fr\/index.php\/2025\/11\/21\/jai-de-la-chance-7\/\" rel=\"bookmark\">\n\t\t\t\t\t\t\tJ&rsquo;ai de la chance\t\t\t\t\t\t<\/a>\n\t\t\t\t\t<\/h3>\n\t\t\t\t\n\t\t\t\t\n\t\t\t\t\n\t\t\t\t\t\t\t<\/div>\n\t\t<\/article>\n\t\t<\/div>\n\t\t\t\t<\/div>\n\t\t\t\t<\/div>\n\t\t\t\t\t<\/div>\n\t\t\t\t<\/div>\n\t\t\t\t<\/div>\n\t\t","protected":false},"excerpt":{"rendered":"<p>ELSA BERTHIER PORTFOLIO \u00c0 propos \u00c9tudiante en master journalisme \u00e0 Dijon, en Bourgogne, je suis passionn\u00e9e de photographie. J&rsquo;aime saisir et archiver ce qui m&rsquo;entoure gr\u00e2ce \u00e0 l&rsquo;\u0153il de mon objectif, toujours au croisementdu beau et de l&rsquo;informatif. Qu&rsquo;elle soit au service de l&rsquo;art ou de v\u00e9rit\u00e9, je suis convaincue que la photographie est un t\u00e9moin essentiel de la r\u00e9alit\u00e9. Je ne demande qu&rsquo;\u00e0 aiguiser mon regard pour mieux comprendre et faire comprendre ce monde r\u00e9git par le pouvoir de l&rsquo;image. Sur ce site, vous pouvez retrouver un \u00e9chantillon de mon travail.\u00a0 Un projet, une envie ou une question ? N&rsquo;h\u00e9sitez pas \u00e0 m&rsquo;en faire part via l&rsquo;onglet contact. Explorer Reportages D\u00e9couvrez quelques uns de mes reportages photo. Portraits Saviez-vous qu&rsquo;une zone du cerveau est uniquement d\u00e9di\u00e9e \u00e0 la reconnaissance des visages ? Alors autant lui donner \u00e0 voir un joli portrait. Envie d&rsquo;ailleurs ? Une photo, c&rsquo;est parfois l&rsquo;occasion de montrer une r\u00e9alit\u00e9 loin de la sienne. Pourquoi ne pas en profiter pour voyager un peu ? Et en dehors de ces cat\u00e9gories ?Cliquez sur le bouton ci-dessous pour d\u00e9couvrir une photo al\u00e9atoire non r\u00e9pertori\u00e9e sur le site. J&rsquo;ai de la chance<\/p>\n","protected":false},"author":1,"featured_media":0,"parent":0,"menu_order":0,"comment_status":"closed","ping_status":"closed","template":"elementor_header_footer","meta":{"footnotes":""},"class_list":["post-49","page","type-page","status-publish","hentry"],"_links":{"self":[{"href":"https:\/\/elsa-berthier.fr\/index.php\/wp-json\/wp\/v2\/pages\/49","targetHints":{"allow":["GET"]}}],"collection":[{"href":"https:\/\/elsa-berthier.fr\/index.php\/wp-json\/wp\/v2\/pages"}],"about":[{"href":"https:\/\/elsa-berthier.fr\/index.php\/wp-json\/wp\/v2\/types\/page"}],"author":[{"embeddable":true,"href":"https:\/\/elsa-berthier.fr\/index.php\/wp-json\/wp\/v2\/users\/1"}],"replies":[{"embeddable":true,"href":"https:\/\/elsa-berthier.fr\/index.php\/wp-json\/wp\/v2\/comments?post=49"}],"version-history":[{"count":451,"href":"https:\/\/elsa-berthier.fr\/index.php\/wp-json\/wp\/v2\/pages\/49\/revisions"}],"predecessor-version":[{"id":1249,"href":"https:\/\/elsa-berthier.fr\/index.php\/wp-json\/wp\/v2\/pages\/49\/revisions\/1249"}],"wp:attachment":[{"href":"https:\/\/elsa-berthier.fr\/index.php\/wp-json\/wp\/v2\/media?parent=49"}],"curies":[{"name":"wp","href":"https:\/\/api.w.org\/{rel}","templated":true}]}}